{"id":235,"date":"2024-04-15T19:18:16","date_gmt":"2024-04-15T19:18:16","guid":{"rendered":"https:\/\/learningnorth.com\/?page_id=235"},"modified":"2024-04-15T19:18:18","modified_gmt":"2024-04-15T19:18:18","slug":"terms","status":"publish","type":"page","link":"https:\/\/learningnorth.com\/de\/terms\/","title":{"rendered":"Allgemeine Nutzungsbedingungen"},"content":{"rendered":"<div class=\"mx-5 sm:mx-0 prose leading-relaxed text-lg mb-5 text-left wp-paragraph\">\n<p>Willkommen bei learningnorth.com, Website (\u201eWebsite\u201c) mit Sitz in Keemia 4, Tallinn, Estland.<\/p>\n<\/div><div class=\"mx-5 sm:mx-0 prose leading-relaxed text-lg mb-5 text-left wp-paragraph\">\n<p>Learning North ist eine Website, die auf die Erstellung von Inhalten im Zusammenhang mit Online-Bildung und -Kursen spezialisiert ist.<\/p>\n<\/div><div class=\"mx-5 sm:mx-0 prose leading-relaxed text-lg mb-5 text-left wp-paragraph\">\n<p>Durch die Nutzung dieser Site akzeptieren Sie die in diesem Dokument beschriebenen Allgemeinen Nutzungsbedingungen.<\/p>\n<\/div><!--advertisement--><div class=\"mx-5 sm:mx-0 sm:text-3xl text-2xl font-medium title-font mb-4 text-gray-900 text-left\">\n<h2 class=\"wp-block-heading\" id=\"h-informaciones-importantes\">WICHTIGE INFORMATIONEN<\/h2>\n<\/div><div class=\"mx-5 sm:mx-0 prose leading-relaxed text-lg mb-5 text-left wp-paragraph\">\n<p>Learning North MISCHT SICH NICHT in Prozesse ein, die die Analyse und\/oder Genehmigung der Kreditw\u00fcrdigkeit unserer Kunden oder Partner beinhalten. Daher liegt die endg\u00fcltige Entscheidung \u00fcber die Durchf\u00fchrung eines Gesch\u00e4fts, die Gew\u00e4hrung eines Kredits oder ein Angebot immer bei ihnen und unterliegt ihren eigenen Kredit- und Risikokriterien und -richtlinien.<\/p>\n<\/div><div class=\"mx-5 sm:mx-0 prose leading-relaxed text-lg mb-5 text-left wp-paragraph\">\n<p>Learning North sendet oder fordert unter keinen Umst\u00e4nden Geld f\u00fcr die Ausgabe von Finanzprodukten jeglicher Art, ohne Kreditkarte, Finanzierung oder Darlehen. Sollte dies dennoch passieren, melden Sie dies bitte umgehend \u00fcber die in diesem Dokument angegebenen Kontaktinformationen.<\/p>\n<\/div><div class=\"mx-5 sm:mx-0 prose leading-relaxed text-lg mb-5 text-left wp-paragraph\">\n<p>Learning North versendet keine E-Mails an Nutzer mit der Aufforderung zur Datenbest\u00e4tigung oder Registrierung mit zus\u00e4tzlichen ausf\u00fchrbaren Dateien (z. B. mit den Erweiterungen .exe, .com, .scr, .zip, .rar) oder Links zum Download. Sollte dies dennoch vorkommen, melden Sie dies bitte umgehend unter den in diesem Dokument angegebenen Kontaktinformationen.<\/p>\n<\/div><div class=\"mx-5 sm:mx-0 prose leading-relaxed text-lg mb-5 text-left wp-paragraph\">\n<p>Learning North bietet keine Finanz-, Rechts- oder Buchhaltungsberatung an. Die auf der Website verf\u00fcgbaren Informationen dienen ausschlie\u00dflich der Information und m\u00fcssen vom Nutzer eigenverantwortlich genutzt werden. Diese Informationen stellen keine Anlageberatung, Finanzplanung, Rechtsberatung oder Buchhaltung dar.<\/p>\n<\/div><div class=\"mx-5 sm:mx-0 prose leading-relaxed text-lg mb-5 text-left wp-paragraph\">\n<p>Learning North \u00fcbernimmt keine Gew\u00e4hr f\u00fcr die Richtigkeit, Qualit\u00e4t und Vollst\u00e4ndigkeit der in seinen Artikeln enthaltenen Informationen und ist nicht verantwortlich f\u00fcr die Entscheidungen des Nutzers auf Grundlage der Artikel und Informationen auf der Website. Learning North garantiert zudem, dass die auf der Website enthaltenen Informationen f\u00fcr jeden Nutzer gleicherma\u00dfen relevant sind. Der Nutzer ist sich bewusst, dass er die auf der Website pr\u00e4sentierten Informationen vor jeder Verwendung \u00fcberpr\u00fcfen muss.<\/p>\n<\/div><!--advertisement--><div class=\"mx-5 sm:mx-0 sm:text-3xl text-2xl font-medium title-font mb-4 text-gray-900 text-left\">\n<h2 class=\"wp-block-heading\" id=\"h-aceptacion\">ANNAHME<\/h2>\n<\/div><div class=\"mx-5 sm:mx-0 prose leading-relaxed text-lg mb-5 text-left wp-paragraph\">\n<p>Der Benutzer respektiert beim Zugriff auf Learning North, ACEPTA die Allgemeinen Nutzungsbedingungen und die <a style=\" color:;\" href=\"https:\/\/learningnorth.com\/de\/privacy\/\">Datenschutzrichtlinie<\/a> von Learning North.<\/p>\n<\/div><div class=\"mx-5 sm:mx-0 prose leading-relaxed text-lg mb-5 text-left wp-paragraph\">\n<p>Beim Zugriff auf und der Nutzung von Learning North erkl\u00e4rt der Benutzer, mindestens 18 Jahre alt zu sein und die Bedingungen dieser Nutzungsbedingungen f\u00fcr alle rechtlichen Zwecke vollst\u00e4ndig und ausdr\u00fccklich zu akzeptieren.<\/p>\n<\/div><div class=\"mx-5 sm:mx-0 prose leading-relaxed text-lg mb-5 text-left wp-paragraph\">\n<p>Wenn der Benutzer die vorstehende Beschreibung nicht einh\u00e4lt und\/oder die in diesen Nutzungsbedingungen enthaltenen Bestimmungen und Bedingungen nicht einh\u00e4lt, auch nicht teilweise, ist es ihm nicht m\u00f6glich, auf die von Learning North angebotenen Dienste sowie die von Learning North betriebenen Websites und Dienste zuzugreifen und\/oder diese zu nutzen.<\/p>\n<\/div><!--advertisement--><div class=\"mx-5 sm:mx-0 sm:text-3xl text-2xl font-medium title-font mb-4 text-gray-900 text-left\">\n<h2 class=\"wp-block-heading\" id=\"h-contacto\">KONTAKT<\/h2>\n<\/div><div class=\"mx-5 sm:mx-0 prose leading-relaxed text-lg mb-5 text-left wp-paragraph\">\n<p>Dem Benutzer steht dieser Dienst zur Verf\u00fcgung, um alle seine Fragen zu beantworten, alle Probleme zu l\u00f6sen und alle Anfragen oder sonstigen Informationen zu den bei Learning North verf\u00fcgbaren Produkten\/Diensten vorzulegen.<\/p>\n<\/div><div class=\"mx-5 sm:mx-0 prose leading-relaxed text-lg mb-5 text-left wp-paragraph\">\n<p>Die Kontaktaufnahme ist \u00fcber das Formular auf <a style=\" color:;\" href=\"https:\/\/learningnorth.com\/de\/contact\/\">https:\/\/learningnorth.com\/contact\/<\/a><\/p>\n<\/div><!--advertisement--><div class=\"mx-5 sm:mx-0 sm:text-3xl text-2xl font-medium title-font mb-4 text-gray-900 text-left\">\n<h2 class=\"wp-block-heading\" id=\"h-responsabilidades-de-las-partes\">VERANTWORTLICHKEITEN DER PARTEIEN<\/h2>\n<\/div><div class=\"mx-5 sm:mx-0 prose leading-relaxed text-lg mb-5 text-left wp-paragraph\">\n<p>Learning North stellt Links zu anderen Websites bereit und\/oder leitet den Benutzer auf diese weiter, wo der Benutzer ohne jegliche Einmischung von Learning North Dienstleistungen in Anspruch nehmen und\/oder Produkte der jeweiligen Unternehmen erwerben kann.<\/p>\n<\/div><div class=\"mx-5 sm:mx-0 prose leading-relaxed text-lg mb-5 text-left wp-paragraph\">\n<p>Wird der Nutzer auf die Website-Seite des auf der Website beworbenen Unternehmens weitergeleitet, muss er die Nutzungsbedingungen und die Datenschutzrichtlinie des beworbenen Unternehmens sorgf\u00e4ltig lesen und ausdr\u00fccklich akzeptieren.<\/p>\n<\/div><div class=\"mx-5 sm:mx-0 prose leading-relaxed text-lg mb-5 text-left wp-paragraph\">\n<p>Learning North ist nicht verantwortlich f\u00fcr: (a) die Nutzungsbedingungen und die Datenschutzrichtlinien der beworbenen Unternehmen; (b) Informationen zu Dienstleistungen und\/oder beworbenen Produkten; (c) Dienstleistungen und\/oder Produkte, die mit den beworbenen Unternehmen angeboten und\/oder vertraglich vereinbart werden k\u00f6nnen.<\/p>\n<\/div><div class=\"mx-5 sm:mx-0 prose leading-relaxed text-lg mb-5 text-left wp-paragraph\">\n<p>Learning North haftet nicht f\u00fcr Viren, Schadsoftware, Spyware, Trojaner oder sonstige Software, die die Konfiguration der Ger\u00e4te des Nutzers durch das Surfen im Internet oder die \u00dcbertragung von Daten, Texten, Bildern, Dateien oder Audiodateien besch\u00e4digen oder ver\u00e4ndern kann. Der Nutzer ist f\u00fcr die sorgf\u00e4ltige Nutzung des Internets verantwortlich, um eine Infektion seines Computers durch Schadsoftware zu verhindern. Hierzu geh\u00f6rt beispielsweise die Aktualisierung des Betriebssystems und die Verwendung von Antivirenprogrammen.<\/p>\n<\/div><div class=\"mx-5 sm:mx-0 prose leading-relaxed text-lg mb-5 text-left wp-paragraph\">\n<p>Learning North ist nicht verantwortlich f\u00fcr Verluste und Sch\u00e4den, die aus der unsachgem\u00e4\u00dfen Nutzung der Learning North-Website und\/oder zuf\u00e4lligen Umst\u00e4nden und\/oder h\u00f6herer Gewalt resultieren.<\/p>\n<\/div><div class=\"mx-5 sm:mx-0 prose leading-relaxed text-lg mb-5 text-left wp-paragraph\">\n<p>Unbeschadet der \u00fcbrigen Bestimmungen dieser Nutzungsbedingungen ist der Nutzer verpflichtet:<\/p>\n<\/div><div class=\"mx-5 sm:mx-0 prose leading-relaxed text-lg mb-5 text-left wp-paragraph\">\n<p>(a) Verletzen Sie bei der Nutzung von Learning North keine Rechte Dritter;<\/p>\n<\/div><div class=\"mx-5 sm:mx-0 prose leading-relaxed text-lg mb-5 text-left wp-paragraph\">\n<p>(b) Verwenden Sie Learning North nicht zum Zweck der \u00dcberwachung oder Bel\u00e4stigung Dritter;<\/p>\n<\/div><div class=\"mx-5 sm:mx-0 prose leading-relaxed text-lg mb-5 text-left wp-paragraph\">\n<p>(c) Sie d\u00fcrfen sich bei der Nutzung der Learning North-Website nicht an betr\u00fcgerischen, illegalen, unehrlichen oder unangemessenen Aktivit\u00e4ten beteiligen;<\/p>\n<\/div><div class=\"mx-5 sm:mx-0 prose leading-relaxed text-lg mb-5 text-left wp-paragraph\">\n<p>(d) Die in diesen Allgemeinen Nutzungsbedingungen und der Datenschutzrichtlinie festgelegten Bedingungen sowie die geltende spanische Gesetzgebung einzuhalten;<\/p>\n<\/div><!--advertisement--><div class=\"mx-5 sm:mx-0 sm:text-3xl text-2xl font-medium title-font mb-4 text-gray-900 text-left\">\n<h2 class=\"wp-block-heading\" id=\"h-datos-y-privacidad\">DATEN UND DATENSCHUTZ<\/h2>\n<\/div><div class=\"mx-5 sm:mx-0 prose leading-relaxed text-lg mb-5 text-left wp-paragraph\">\n<p>Die Nutzung der Website onestopcourse.com kann zur \u00dcbertragung personenbezogener Daten des Nutzers an Learning North f\u00fchren. Mit der Nutzung unserer Website erkl\u00e4ren Sie sich mit unserer Datenschutzrichtlinie einverstanden, die unter <a style=\" color:;\" href=\"https:\/\/learningnorth.com\/de\/privacy\/\">https:\/\/learningnorth.com\/privacy\/<\/a>sowie die aktuelle Gesetzgebung.<\/p>\n<\/div><!--advertisement--><div class=\"mx-5 sm:mx-0 sm:text-3xl text-2xl font-medium title-font mb-4 text-gray-900 text-left\">\n<h2 class=\"wp-block-heading\" id=\"h-contenido-y-propiedad-intelectual\">INHALT UND GEISTIGES EIGENTUM<\/h2>\n<\/div><div class=\"mx-5 sm:mx-0 prose leading-relaxed text-lg mb-5 text-left wp-paragraph\">\n<p>Learning North besitzt die geistigen Eigentumsrechte an allen Materialien auf der Website onestopcourse.com. Der Nutzer darf Materialien und Inhalte der Website nicht reproduzieren, duplizieren, kopieren, verkaufen, vermieten, untervermieten, \u00fcbersetzen oder verteilen und keine Ableitungen der Inhalte erstellen, um andere Websites oder Bildungs-, Schulungs- oder Referenzmaterialien zu erstellen.<\/p>\n<\/div><div class=\"mx-5 sm:mx-0 prose leading-relaxed text-lg mb-5 text-left wp-paragraph\">\n<p>Der Nutzer darf keine iFrames verwenden, um Inhalte dieser Website an anderer Stelle einzubinden. Learning North gestattet und f\u00f6rdert jedoch den Austausch von Links zu den Inhalten der Website.<\/p>\n<\/div><div class=\"mx-5 sm:mx-0 prose leading-relaxed text-lg mb-5 text-left wp-paragraph\">\n<p>Die Nutzung der Site und der darin enthaltenen Informationen durch den Benutzer ist auf pers\u00f6nliche und nicht kommerzielle Zwecke beschr\u00e4nkt.<\/p>\n<\/div><!--advertisement--><div class=\"mx-5 sm:mx-0 sm:text-3xl text-2xl font-medium title-font mb-4 text-gray-900 text-left\">\n<h2 class=\"wp-block-heading\" id=\"h-sitio-web-y-servicios\">WEBSITE UND DIENSTE<\/h2>\n<\/div><div class=\"mx-5 sm:mx-0 prose leading-relaxed text-lg mb-5 text-left wp-paragraph\">\n<p>Wir k\u00f6nnen nicht garantieren, dass der Zugriff auf die Site und ihre Nutzung ohne Unterbrechungen oder fehlerfrei erfolgen, und Learning North \u00fcbernimmt keine Verantwortung daf\u00fcr, wenn ein Teil der Site nicht verf\u00fcgbar ist.<\/p>\n<\/div><div class=\"mx-5 sm:mx-0 prose leading-relaxed text-lg mb-5 text-left wp-paragraph\">\n<p>Die Site, ihre Inhalte und Funktionen k\u00f6nnen von Learning North jederzeit ohne Begr\u00fcndung oder vorherige Ank\u00fcndigung ge\u00e4ndert oder eingestellt werden.<\/p>\n<\/div><div class=\"mx-5 sm:mx-0 prose leading-relaxed text-lg mb-5 text-left wp-paragraph\">\n<p>Learning North ist nicht verantwortlich, wenn das System bzw. die Internetverbindungsausr\u00fcstung des Benutzers f\u00fcr die Nutzung der Site nicht ausreicht.<\/p>\n<\/div><!--advertisement--><div class=\"mx-5 sm:mx-0 sm:text-3xl text-2xl font-medium title-font mb-4 text-gray-900 text-left\">\n<h2 class=\"wp-block-heading\" id=\"h-publicidad-en-el-sitio\">WERBUNG AUF DER WEBSITE<\/h2>\n<\/div><div class=\"mx-5 sm:mx-0 prose leading-relaxed text-lg mb-5 text-left wp-paragraph\">\n<p>Obwohl wir bestrebt sind, ausschlie\u00dflich mit qualitativ hochwertigen Unternehmen zusammenzuarbeiten, \u00fcbernimmt Learning North keine Verantwortung f\u00fcr die Produkte und Dienstleistungen von Unternehmen, die auf unserer Website werben und die wir durch unsere Inhalte empfehlen. Daher ist Learning North weder an kommerziellen Verpflichtungen, dem Austausch personenbezogener Daten noch an sonstigen Interaktionen zwischen dem Nutzer und den Unternehmen beteiligt, deren Marken auf unserer Website erscheinen, beworben oder in unseren Inhalten erw\u00e4hnt werden, und \u00fcbernimmt auch keine Verantwortung daf\u00fcr.<\/p>\n<\/div><!--advertisement--><div class=\"mx-5 sm:mx-0 sm:text-3xl text-2xl font-medium title-font mb-4 text-gray-900 text-left\">\n<h2 class=\"wp-block-heading\" id=\"h-modificacion-de-terminos-y-condiciones\">\u00c4NDERUNG DER GESCH\u00c4FTSBEDINGUNGEN<\/h2>\n<\/div><div class=\"mx-5 sm:mx-0 prose leading-relaxed text-lg mb-5 text-left wp-paragraph\">\n<p>Die Allgemeinen Nutzungsbedingungen von Learning North k\u00f6nnen jederzeit ge\u00e4ndert, erg\u00e4nzt oder ersetzt werden. In diesem Fall wird die aktualisierte Version zusammen mit dem Abschluss der letzten Revision auf dieser Seite verf\u00fcgbar sein.<\/p>\n<\/div><div class=\"mx-5 sm:mx-0 prose leading-relaxed text-lg mb-5 text-left wp-paragraph\">\n<p>Wir empfehlen dem Benutzer, sich \u00fcber diese Adresse \u00fcber unsere Bedingungen auf dem Laufenden zu halten: <a style=\" color:;\" href=\"https:\/\/learningnorth.com\/de\/terms\/\">https:\/\/learningnorth.com\/terms<\/a>.<\/p>\n<\/div><div class=\"mx-5 sm:mx-0 prose leading-relaxed text-lg mb-5 text-left wp-paragraph\">\n<p>Bei wesentlichen \u00c4nderungen dieser Allgemeinen Nutzungsbedingungen kann Learning North den Benutzer hier\u00fcber benachrichtigen, sofern wir dessen Kontaktdaten in unseren Datenbanken haben.<\/p>\n<\/div><!--advertisement--><div class=\"mx-5 sm:mx-0 sm:text-3xl text-2xl font-medium title-font mb-4 text-gray-900 text-left\">\n<h2 class=\"wp-block-heading\" id=\"h-plazo-de-vigencia-y-extincion-de-los-terminos-y-condiciones\">LAUFZEIT UND ERL\u00d6SCHEN VON K\u00dcNDIGUNGEN UND BEDINGUNGEN.<\/h2>\n<\/div><div class=\"mx-5 sm:mx-0 prose leading-relaxed text-lg mb-5 text-left wp-paragraph\">\n<p>Diese Allgemeinen Nutzungsbedingungen gelten auf unbestimmte Zeit und alle rechtlichen oder administrativen Anspr\u00fcche, die sich aus der Nutzung von Learning North ergeben, Gegenstand dieser Allgemeinen Nutzungsbedingungen oder davon <a style=\" color:;\" href=\"https:\/\/onestopcourse.com\/privacy\/\">Politik der <\/a><a style=\" color:;\" href=\"https:\/\/learningnorth.com\/de\/privacy\/\">Datenschutz<\/a> Der Antrag muss innerhalb von 90 (neunzig) Tagen nach dem Ereignis gestellt werden, das ihn ausgel\u00f6st hat.<\/p>\n<\/div><!--advertisement--><div class=\"mx-5 sm:mx-0 sm:text-3xl text-2xl font-medium title-font mb-4 text-gray-900 text-left\">\n<h2 class=\"wp-block-heading\" id=\"h-legislacion-y-jurisdiccion-de-eleccion\">GESETZGEBUNG UND GERICHTSSTAND DER WAHL<\/h2>\n<\/div><div class=\"mx-5 sm:mx-0 prose leading-relaxed text-lg mb-5 text-left wp-paragraph\">\n<p>Alle Angelegenheiten im Zusammenhang mit der Auslegung, Einhaltung oder sonstigen Fragen im Zusammenhang mit diesen Allgemeinen Nutzungsbedingungen und <a style=\" color:;\" href=\"https:\/\/learningnorth.com\/de\/privacy\/\">Datenschutzrichtlinie<\/a>Die Parteien wenden sich ausdr\u00fccklich an die Handelskammer von Tallinn, Estland (El Tribunal de Arbitraje de la Chamber of Commerce of Estonia and Industry), um alle Zweifel, Fragen oder Konflikte zu l\u00f6sen, die sich aus diesem Gericht ergeben.<\/p>\n<\/div>","protected":false},"excerpt":{"rendered":"<p>Willkommen auf learningnorth.com, einer Website (\u201eWebsite\u201c) mit Sitz in Keemia 4, Tallinn, Estland. Learning North ist eine Website, die sich auf die Erstellung von Inhalten f\u00fcr Online-Bildung und -Kurse spezialisiert hat. Mit der Nutzung dieser Website akzeptieren Sie die in diesem Dokument beschriebenen Allgemeinen Gesch\u00e4ftsbedingungen. WICHTIGE INFORMATIONEN: Learning North KEINE INTERFERENZEN\u2026 <a class=\"more-link\" href=\"https:\/\/learningnorth.com\/de\/terms\/\">Weiterlesen <span class=\"screen-reader-text\">Allgemeine Nutzungsbedingungen<\/span><\/a><\/p>","protected":false},"author":9,"featured_media":0,"parent":0,"menu_order":0,"comment_status":"closed","ping_status":"closed","template":"","meta":{"footnotes":""},"yoast_head":"<!-- This site is optimized with the Yoast SEO plugin v23.3 - https:\/\/yoast.com\/wordpress\/plugins\/seo\/ -->\n<title>T\u00e9rminos y Condiciones Generales de Uso - Learning North<\/title>\n<meta name=\"robots\" content=\"index, follow, max-snippet:-1, max-image-preview:large, max-video-preview:-1\" \/>\n<link rel=\"canonical\" href=\"https:\/\/learningnorth.com\/de\/terms\/\" \/>\n<meta property=\"og:locale\" content=\"de_DE\" \/>\n<meta property=\"og:type\" content=\"article\" \/>\n<meta property=\"og:title\" content=\"T\u00e9rminos y Condiciones Generales de Uso - Learning North\" \/>\n<meta property=\"og:description\" content=\"Bienvenido a learningnorth.com, sitio web (&#8220;Sitio&#8221;) con sede en Keemia 4, Tallin, Estonia. Learning North es un sitio web especializado en la creaci\u00f3n de contenidos relacionados a la educaci\u00f3n y cursos en l\u00ednea. Al utilizar este Sitio, acepta los T\u00e9rminos y Condiciones Generales de Uso descritos en este documento. INFORMACIONES IMPORTANTES Learning North NO INTERFIERE&hellip; Continue reading T\u00e9rminos y Condiciones Generales de Uso\" \/>\n<meta property=\"og:url\" content=\"https:\/\/learningnorth.com\/de\/terms\/\" \/>\n<meta property=\"og:site_name\" content=\"Learning North\" \/>\n<meta property=\"article:modified_time\" content=\"2024-04-15T19:18:18+00:00\" \/>\n<meta name=\"twitter:card\" content=\"summary_large_image\" \/>\n<meta name=\"twitter:label1\" content=\"Est. reading time\" \/>\n\t<meta name=\"twitter:data1\" content=\"7 Minuten\" \/>\n<script type=\"application\/ld+json\" class=\"yoast-schema-graph\">{\"@context\":\"https:\/\/schema.org\",\"@graph\":[{\"@type\":\"WebPage\",\"@id\":\"https:\/\/learningnorth.com\/terms\/\",\"url\":\"https:\/\/learningnorth.com\/terms\/\",\"name\":\"T\u00e9rminos y Condiciones Generales de Uso - Learning North\",\"isPartOf\":{\"@id\":\"https:\/\/learningnorth.com\/#website\"},\"datePublished\":\"2024-04-15T19:18:16+00:00\",\"dateModified\":\"2024-04-15T19:18:18+00:00\",\"breadcrumb\":{\"@id\":\"https:\/\/learningnorth.com\/terms\/#breadcrumb\"},\"inLanguage\":\"de-DE\",\"potentialAction\":[{\"@type\":\"ReadAction\",\"target\":[\"https:\/\/learningnorth.com\/terms\/\"]}]},{\"@type\":\"BreadcrumbList\",\"@id\":\"https:\/\/learningnorth.com\/terms\/#breadcrumb\",\"itemListElement\":[{\"@type\":\"ListItem\",\"position\":1,\"name\":\"Home\",\"item\":\"https:\/\/learningnorth.com\/\"},{\"@type\":\"ListItem\",\"position\":2,\"name\":\"T\u00e9rminos y Condiciones Generales de Uso\"}]},{\"@type\":\"WebSite\",\"@id\":\"https:\/\/learningnorth.com\/#website\",\"url\":\"https:\/\/learningnorth.com\/\",\"name\":\"Learning North\",\"description\":\"\",\"potentialAction\":[{\"@type\":\"SearchAction\",\"target\":{\"@type\":\"EntryPoint\",\"urlTemplate\":\"https:\/\/learningnorth.com\/?s={search_term_string}\"},\"query-input\":\"required name=search_term_string\"}],\"inLanguage\":\"de-DE\"}]}<\/script>\n<!-- \/ Yoast SEO plugin. -->","yoast_head_json":{"title":"T\u00e9rminos y Condiciones Generales de Uso - Learning North","robots":{"index":"index","follow":"follow","max-snippet":"max-snippet:-1","max-image-preview":"max-image-preview:large","max-video-preview":"max-video-preview:-1"},"canonical":"https:\/\/learningnorth.com\/de\/terms\/","og_locale":"de_DE","og_type":"article","og_title":"T\u00e9rminos y Condiciones Generales de Uso - Learning North","og_description":"Bienvenido a learningnorth.com, sitio web (&#8220;Sitio&#8221;) con sede en Keemia 4, Tallin, Estonia. Learning North es un sitio web especializado en la creaci\u00f3n de contenidos relacionados a la educaci\u00f3n y cursos en l\u00ednea. Al utilizar este Sitio, acepta los T\u00e9rminos y Condiciones Generales de Uso descritos en este documento. INFORMACIONES IMPORTANTES Learning North NO INTERFIERE&hellip; Continue reading T\u00e9rminos y Condiciones Generales de Uso","og_url":"https:\/\/learningnorth.com\/de\/terms\/","og_site_name":"Learning North","article_modified_time":"2024-04-15T19:18:18+00:00","twitter_card":"summary_large_image","twitter_misc":{"Est. reading time":"7 Minuten"},"schema":{"@context":"https:\/\/schema.org","@graph":[{"@type":"WebPage","@id":"https:\/\/learningnorth.com\/terms\/","url":"https:\/\/learningnorth.com\/terms\/","name":"T\u00e9rminos y Condiciones Generales de Uso - Learning North","isPartOf":{"@id":"https:\/\/learningnorth.com\/#website"},"datePublished":"2024-04-15T19:18:16+00:00","dateModified":"2024-04-15T19:18:18+00:00","breadcrumb":{"@id":"https:\/\/learningnorth.com\/terms\/#breadcrumb"},"inLanguage":"de-DE","potentialAction":[{"@type":"ReadAction","target":["https:\/\/learningnorth.com\/terms\/"]}]},{"@type":"BreadcrumbList","@id":"https:\/\/learningnorth.com\/terms\/#breadcrumb","itemListElement":[{"@type":"ListItem","position":1,"name":"Home","item":"https:\/\/learningnorth.com\/"},{"@type":"ListItem","position":2,"name":"T\u00e9rminos y Condiciones Generales de Uso"}]},{"@type":"WebSite","@id":"https:\/\/learningnorth.com\/#website","url":"https:\/\/learningnorth.com\/","name":"Learning North","description":"","potentialAction":[{"@type":"SearchAction","target":{"@type":"EntryPoint","urlTemplate":"https:\/\/learningnorth.com\/?s={search_term_string}"},"query-input":"required name=search_term_string"}],"inLanguage":"de-DE"}]}},"_links":{"self":[{"href":"https:\/\/learningnorth.com\/de\/wp-json\/wp\/v2\/pages\/235"}],"collection":[{"href":"https:\/\/learningnorth.com\/de\/wp-json\/wp\/v2\/pages"}],"about":[{"href":"https:\/\/learningnorth.com\/de\/wp-json\/wp\/v2\/types\/page"}],"author":[{"embeddable":true,"href":"https:\/\/learningnorth.com\/de\/wp-json\/wp\/v2\/users\/9"}],"replies":[{"embeddable":true,"href":"https:\/\/learningnorth.com\/de\/wp-json\/wp\/v2\/comments?post=235"}],"version-history":[{"count":1,"href":"https:\/\/learningnorth.com\/de\/wp-json\/wp\/v2\/pages\/235\/revisions"}],"predecessor-version":[{"id":236,"href":"https:\/\/learningnorth.com\/de\/wp-json\/wp\/v2\/pages\/235\/revisions\/236"}],"wp:attachment":[{"href":"https:\/\/learningnorth.com\/de\/wp-json\/wp\/v2\/media?parent=235"}],"curies":[{"name":"wp","href":"https:\/\/api.w.org\/{rel}","templated":true}]}}