{"id":202,"date":"2024-04-15T19:03:41","date_gmt":"2024-04-15T19:03:41","guid":{"rendered":"https:\/\/learningnorth.com\/?page_id=202"},"modified":"2024-04-15T19:03:53","modified_gmt":"2024-04-15T19:03:53","slug":"about","status":"publish","type":"page","link":"https:\/\/learningnorth.com\/en\/about\/","title":{"rendered":"Who We Are"},"content":{"rendered":"<!--advertisement--><div class=\"mx-5 sm:mx-0 sm:text-3xl text-2xl font-medium title-font mb-4 text-gray-900 text-left\">\n<h2 class=\"wp-block-heading\" id=\"h-que-quieres-aprender-hoy\">What do you want to learn today?<\/h2>\n<\/div><div class=\"mx-5 sm:mx-0 prose leading-relaxed text-lg mb-5 text-left wp-paragraph\">\n<p>At Learning North, we want to help you advance in different aspects of your life, from increasing your productivity to developing new technical-professional skills. We believe that the best continues, combined with determination and perseverance, are the secrets of success and a meaningful life. We don\u2019t believe in \u201csuerte\u201d.<\/p>\n<\/div><!--advertisement--><div class=\"mx-5 sm:mx-0 sm:text-3xl text-2xl font-medium title-font mb-4 text-gray-900 text-left\">\n<h2 class=\"wp-block-heading\" id=\"h-quienes-somos\">Who are we?<\/h2>\n<\/div><div class=\"mx-5 sm:mx-0 prose leading-relaxed text-lg mb-5 text-left wp-paragraph\">\n<p>Learning North is a content and education company. Our mission is to constantly offer the best educational content regardless of where it is located. We want to be your partner in the search for self-development.<\/p>\n<\/div><!--advertisement--><div class=\"mx-5 sm:mx-0 sm:text-3xl text-2xl font-medium title-font mb-4 text-gray-900 text-left\">\n<h2 class=\"wp-block-heading\" id=\"h-ayudanos-a-mejorar\">Help us improve<\/h2>\n<\/div><div class=\"mx-5 sm:mx-0 prose leading-relaxed text-lg mb-5 text-left wp-paragraph\">\n<p>Your ideas are welcome. Send us a message!<\/p>\n<\/div>","protected":false},"excerpt":{"rendered":"<p>What do you want to learn today? At Learning North, we want to help you advance in different aspects of your life, from increasing your productivity to developing new technical-professional skills. We believe that the best continues, combined with determination and perseverance, are the secrets of success and a meaningful life. We don\u2019t believe it\u2026 <a class=\"more-link\" href=\"https:\/\/learningnorth.com\/en\/about\/\">Continue reading <span class=\"screen-reader-text\">Who We Are<\/span><\/a><\/p>","protected":false},"author":9,"featured_media":0,"parent":0,"menu_order":0,"comment_status":"closed","ping_status":"closed","template":"","meta":{"footnotes":""},"yoast_head":"<!-- This site is optimized with the Yoast SEO plugin v23.3 - https:\/\/yoast.com\/wordpress\/plugins\/seo\/ -->\n<title>Quienes Somos - Learning North<\/title>\n<meta name=\"robots\" content=\"index, follow, max-snippet:-1, max-image-preview:large, max-video-preview:-1\" \/>\n<link rel=\"canonical\" href=\"https:\/\/learningnorth.com\/en\/about\/\" \/>\n<meta property=\"og:locale\" content=\"en_US\" \/>\n<meta property=\"og:type\" content=\"article\" \/>\n<meta property=\"og:title\" content=\"Quienes Somos - Learning North\" \/>\n<meta property=\"og:description\" content=\"\u00bfQu\u00e9 quieres aprender hoy? En Learning North, queremos ayudarlo a avanzar en diferentes aspectos de su vida, desde el aumento de su productividad hasta el desarrollo de nuevas competencias t\u00e9cnico-profesionales. Creemos que la mejora continua, combinada con la determinaci\u00f3n y la perseverancia, son los secretos del \u00e9xito y una vida significativa. No creemos en la&hellip; Continue reading Quienes Somos\" \/>\n<meta property=\"og:url\" content=\"https:\/\/learningnorth.com\/en\/about\/\" \/>\n<meta property=\"og:site_name\" content=\"Learning North\" \/>\n<meta property=\"article:modified_time\" content=\"2024-04-15T19:03:53+00:00\" \/>\n<meta name=\"twitter:card\" content=\"summary_large_image\" \/>\n<meta name=\"twitter:label1\" content=\"Est. reading time\" \/>\n\t<meta name=\"twitter:data1\" content=\"1 minute\" \/>\n<script type=\"application\/ld+json\" class=\"yoast-schema-graph\">{\"@context\":\"https:\/\/schema.org\",\"@graph\":[{\"@type\":\"WebPage\",\"@id\":\"https:\/\/learningnorth.com\/about\/\",\"url\":\"https:\/\/learningnorth.com\/about\/\",\"name\":\"Quienes Somos - Learning North\",\"isPartOf\":{\"@id\":\"https:\/\/learningnorth.com\/#website\"},\"datePublished\":\"2024-04-15T19:03:41+00:00\",\"dateModified\":\"2024-04-15T19:03:53+00:00\",\"breadcrumb\":{\"@id\":\"https:\/\/learningnorth.com\/about\/#breadcrumb\"},\"inLanguage\":\"en-US\",\"potentialAction\":[{\"@type\":\"ReadAction\",\"target\":[\"https:\/\/learningnorth.com\/about\/\"]}]},{\"@type\":\"BreadcrumbList\",\"@id\":\"https:\/\/learningnorth.com\/about\/#breadcrumb\",\"itemListElement\":[{\"@type\":\"ListItem\",\"position\":1,\"name\":\"Home\",\"item\":\"https:\/\/learningnorth.com\/\"},{\"@type\":\"ListItem\",\"position\":2,\"name\":\"Quienes Somos\"}]},{\"@type\":\"WebSite\",\"@id\":\"https:\/\/learningnorth.com\/#website\",\"url\":\"https:\/\/learningnorth.com\/\",\"name\":\"Learning North\",\"description\":\"\",\"potentialAction\":[{\"@type\":\"SearchAction\",\"target\":{\"@type\":\"EntryPoint\",\"urlTemplate\":\"https:\/\/learningnorth.com\/?s={search_term_string}\"},\"query-input\":\"required name=search_term_string\"}],\"inLanguage\":\"en-US\"}]}<\/script>\n<!-- \/ Yoast SEO plugin. -->","yoast_head_json":{"title":"Quienes Somos - Learning North","robots":{"index":"index","follow":"follow","max-snippet":"max-snippet:-1","max-image-preview":"max-image-preview:large","max-video-preview":"max-video-preview:-1"},"canonical":"https:\/\/learningnorth.com\/en\/about\/","og_locale":"en_US","og_type":"article","og_title":"Quienes Somos - Learning North","og_description":"\u00bfQu\u00e9 quieres aprender hoy? En Learning North, queremos ayudarlo a avanzar en diferentes aspectos de su vida, desde el aumento de su productividad hasta el desarrollo de nuevas competencias t\u00e9cnico-profesionales. Creemos que la mejora continua, combinada con la determinaci\u00f3n y la perseverancia, son los secretos del \u00e9xito y una vida significativa. No creemos en la&hellip; Continue reading Quienes Somos","og_url":"https:\/\/learningnorth.com\/en\/about\/","og_site_name":"Learning North","article_modified_time":"2024-04-15T19:03:53+00:00","twitter_card":"summary_large_image","twitter_misc":{"Est. reading time":"1 minute"},"schema":{"@context":"https:\/\/schema.org","@graph":[{"@type":"WebPage","@id":"https:\/\/learningnorth.com\/about\/","url":"https:\/\/learningnorth.com\/about\/","name":"Quienes Somos - Learning North","isPartOf":{"@id":"https:\/\/learningnorth.com\/#website"},"datePublished":"2024-04-15T19:03:41+00:00","dateModified":"2024-04-15T19:03:53+00:00","breadcrumb":{"@id":"https:\/\/learningnorth.com\/about\/#breadcrumb"},"inLanguage":"en-US","potentialAction":[{"@type":"ReadAction","target":["https:\/\/learningnorth.com\/about\/"]}]},{"@type":"BreadcrumbList","@id":"https:\/\/learningnorth.com\/about\/#breadcrumb","itemListElement":[{"@type":"ListItem","position":1,"name":"Home","item":"https:\/\/learningnorth.com\/"},{"@type":"ListItem","position":2,"name":"Quienes Somos"}]},{"@type":"WebSite","@id":"https:\/\/learningnorth.com\/#website","url":"https:\/\/learningnorth.com\/","name":"Learning North","description":"","potentialAction":[{"@type":"SearchAction","target":{"@type":"EntryPoint","urlTemplate":"https:\/\/learningnorth.com\/?s={search_term_string}"},"query-input":"required name=search_term_string"}],"inLanguage":"en-US"}]}},"_links":{"self":[{"href":"https:\/\/learningnorth.com\/en\/wp-json\/wp\/v2\/pages\/202"}],"collection":[{"href":"https:\/\/learningnorth.com\/en\/wp-json\/wp\/v2\/pages"}],"about":[{"href":"https:\/\/learningnorth.com\/en\/wp-json\/wp\/v2\/types\/page"}],"author":[{"embeddable":true,"href":"https:\/\/learningnorth.com\/en\/wp-json\/wp\/v2\/users\/9"}],"replies":[{"embeddable":true,"href":"https:\/\/learningnorth.com\/en\/wp-json\/wp\/v2\/comments?post=202"}],"version-history":[{"count":1,"href":"https:\/\/learningnorth.com\/en\/wp-json\/wp\/v2\/pages\/202\/revisions"}],"predecessor-version":[{"id":229,"href":"https:\/\/learningnorth.com\/en\/wp-json\/wp\/v2\/pages\/202\/revisions\/229"}],"wp:attachment":[{"href":"https:\/\/learningnorth.com\/en\/wp-json\/wp\/v2\/media?parent=202"}],"curies":[{"name":"wp","href":"https:\/\/api.w.org\/{rel}","templated":true}]}}