{"id":233,"date":"2024-04-15T19:11:35","date_gmt":"2024-04-15T19:11:35","guid":{"rendered":"https:\/\/learningnorth.com\/?page_id=233"},"modified":"2024-04-15T19:20:49","modified_gmt":"2024-04-15T19:20:49","slug":"privacy","status":"publish","type":"page","link":"https:\/\/learningnorth.com\/en\/privacy\/","title":{"rendered":"Privacy Policy"},"content":{"rendered":"<div class=\"mx-5 sm:mx-0 prose leading-relaxed text-lg mb-5 text-left wp-paragraph\">\n<p>Last updated on April 15, 2024.<\/p>\n<\/div><div class=\"mx-5 sm:mx-0 prose leading-relaxed text-lg mb-5 text-left wp-paragraph\">\n<p>This Privacy Policy will explain how our organization (Learning North) uses personal data that we collect from us when using our website.<\/p>\n<\/div><div class=\"mx-5 sm:mx-0 prose leading-relaxed text-lg mb-5 text-left wp-paragraph\">\n<p>Topics:<\/p>\n<\/div><div class=\"mx-5 sm:mx-0 prose text-left mb-5\">\n<ul><div class=\"mx-5 sm:mx-0 prose text-left mb-5\">\n<li>What data do we collect?<\/li>\n<\/div>\n\n<div class=\"mx-5 sm:mx-0 prose text-left mb-5\">\n<li>How do we collect your data?<\/li>\n<\/div>\n\n<div class=\"mx-5 sm:mx-0 prose text-left mb-5\">\n<li>How do we use your data?<\/li>\n<\/div>\n\n<div class=\"mx-5 sm:mx-0 prose text-left mb-5\">\n<li>How is marketing done at Learning North?<\/li>\n<\/div>\n\n<div class=\"mx-5 sm:mx-0 prose text-left mb-5\">\n<li>How do we store your data?<\/li>\n<\/div>\n\n<div class=\"mx-5 sm:mx-0 prose text-left mb-5\">\n<li>Is there an international transfer of your data?<\/li>\n<\/div>\n\n<div class=\"mx-5 sm:mx-0 prose text-left mb-5\">\n<li>How do we share your personal data?<\/li>\n<\/div>\n\n<div class=\"mx-5 sm:mx-0 prose text-left mb-5\">\n<li>What are your data protection rights?<\/li>\n<\/div>\n\n<div class=\"mx-5 sm:mx-0 prose text-left mb-5\">\n<li>What are cookies?<\/li>\n<\/div>\n\n<div class=\"mx-5 sm:mx-0 prose text-left mb-5\">\n<li>How do we use cookies?<\/li>\n<\/div>\n\n<div class=\"mx-5 sm:mx-0 prose text-left mb-5\">\n<li>What types of cookies do we use?<\/li>\n<\/div>\n\n<div class=\"mx-5 sm:mx-0 prose text-left mb-5\">\n<li>How to manage your cookies<\/li>\n<\/div>\n\n<div class=\"mx-5 sm:mx-0 prose text-left mb-5\">\n<li>Privacy policies of other websites<\/li>\n<\/div>\n\n<div class=\"mx-5 sm:mx-0 prose text-left mb-5\">\n<li>Changes in our privacy policy<\/li>\n<\/div>\n\n<div class=\"mx-5 sm:mx-0 prose text-left mb-5\">\n<li>How to contact us<\/li>\n<\/div><\/ul>\n<\/div><!--advertisement--><div class=\"mx-5 sm:mx-0 sm:text-3xl text-2xl font-medium title-font mb-4 text-gray-900 text-left\">\n<h2 class=\"wp-block-heading\" id=\"h-que-datos-recopilamos\">WHAT DATA DO WE COLLECT?<\/h2>\n<\/div><div class=\"mx-5 sm:mx-0 prose leading-relaxed text-lg mb-5 text-left wp-paragraph\">\n<p>Learning North collects the following data:<\/p>\n<\/div><div class=\"mx-5 sm:mx-0 prose text-left mb-5\">\n<ul><div class=\"mx-5 sm:mx-0 prose text-left mb-5\">\n<li>Personal identification information (name, email address, telephone number)<\/li>\n<\/div>\n\n<div class=\"mx-5 sm:mx-0 prose text-left mb-5\">\n<li>Personal financial information (employment and employment situation)<\/li>\n<\/div>\n\n<div class=\"mx-5 sm:mx-0 prose text-left mb-5\">\n<li>IP, as well as other information inferred through IP (city, country, state)<\/li>\n<\/div>\n\n<div class=\"mx-5 sm:mx-0 prose text-left mb-5\">\n<li>Opinions and preferences<\/li>\n<\/div>\n\n<div class=\"mx-5 sm:mx-0 prose text-left mb-5\">\n<li>Navigation behavior data (links, clicks, page displacements, length of stay on the page, geolocation, browser and device information, direction of the website where I came from before landing on our website)<\/li>\n<\/div><\/ul>\n<\/div><!--advertisement--><div class=\"mx-5 sm:mx-0 sm:text-3xl text-2xl font-medium title-font mb-4 text-gray-900 text-left\">\n<h2 class=\"wp-block-heading\" id=\"h-como-recopilamos-sus-datos\">HOW DO WE COLLECT YOUR DATA?<\/h2>\n<\/div><div class=\"mx-5 sm:mx-0 prose leading-relaxed text-lg mb-5 text-left wp-paragraph\">\n<p>Usted directly provides Learning North with most of the data we collect. We collect and process data when used:<\/p>\n<\/div><div class=\"mx-5 sm:mx-0 prose text-left mb-5\">\n<ul><div class=\"mx-5 sm:mx-0 prose text-left mb-5\">\n<li>Register online or place an order for any of our products or services.<\/li>\n<\/div>\n\n<div class=\"mx-5 sm:mx-0 prose text-left mb-5\">\n<li>Subscribe to our mailing lists.<\/li>\n<\/div>\n\n<div class=\"mx-5 sm:mx-0 prose text-left mb-5\">\n<li>Voluntarily complete a customer survey or provide feedback in any of our messaging forums or by email.<\/li>\n<\/div>\n\n<div class=\"mx-5 sm:mx-0 prose text-left mb-5\">\n<li>Use or view our website through cookies in your browser, if you give us your consent.<\/li>\n<\/div><\/ul>\n<\/div><!--advertisement--><div class=\"mx-5 sm:mx-0 sm:text-3xl text-2xl font-medium title-font mb-4 text-gray-900 text-left\">\n<h2 class=\"wp-block-heading\" id=\"h-como-utilizaremos-sus-datos\">HOW WILL WE USE YOUR DATA?<\/h2>\n<\/div><div class=\"mx-5 sm:mx-0 prose leading-relaxed text-lg mb-5 text-left wp-paragraph\">\n<p>Learning North collects its data so we can:<\/p>\n<\/div><div class=\"mx-5 sm:mx-0 prose text-left mb-5\">\n<ul><div class=\"mx-5 sm:mx-0 prose text-left mb-5\">\n<li>Process your order and manage your account (if applicable).<\/li>\n<\/div>\n\n<div class=\"mx-5 sm:mx-0 prose text-left mb-5\">\n<li>Send emails with special offers on other products and services that we believe may interest you.<\/li>\n<\/div>\n\n<div class=\"mx-5 sm:mx-0 prose text-left mb-5\">\n<li>Understand you as a customer so you can improve your business through better offers, more relevant content and better advertising.<\/li>\n<\/div><\/ul>\n<\/div><!--advertisement--><div class=\"mx-5 sm:mx-0 sm:text-3xl text-2xl font-medium title-font mb-4 text-gray-900 text-left\">\n<h2 class=\"wp-block-heading\" id=\"h-como-se-hace-marketing-en-learning-north\">HOW DOES MARKETING BE DONE IN LEARNING NORTH?<\/h2>\n<\/div><div class=\"mx-5 sm:mx-0 prose leading-relaxed text-lg mb-5 text-left wp-paragraph\">\n<p>Learning North wishes to send information about our products and services that we believe you can enjoy, as well as those of our collaborating companies, among which are found numerous banks and credit card providers in Spain. The exact list of partners will change with time.<\/p>\n<\/div><div class=\"mx-5 sm:mx-0 prose leading-relaxed text-lg mb-5 text-left wp-paragraph\">\n<p>If you have agreed to receive advertising, you can always choose not to participate at a later date. You have the right at any time to prevent Learning North from communicating with you for marketing purposes by downloading directly from our mailing list. All our electronic mails contain a link so that this action is simple and easy.<\/p>\n<\/div><div class=\"mx-5 sm:mx-0 prose leading-relaxed text-lg mb-5 text-left wp-paragraph\">\n<p>If you canceled your subscription to our mailing list, but for some reason we still contact you for marketing purposes, please send an email to our DPO at <a style=\" color:;\" href=\"mailto:dpo@learningnorth.com\">dpo@learningnorth.com<\/a>.<\/p>\n<\/div><!--advertisement--><div class=\"mx-5 sm:mx-0 sm:text-3xl text-2xl font-medium title-font mb-4 text-gray-900 text-left\">\n<h2 class=\"wp-block-heading\" id=\"h-como-almacenamos-sus-datos\">HOW DO WE KEEP YOUR DATA?<\/h2>\n<\/div><div class=\"mx-5 sm:mx-0 prose leading-relaxed text-lg mb-5 text-left wp-paragraph\">\n<p>Learning North securely stores its data in Google Big Query Data Warehouse, as well as in external providers like Active Campaign, which have an extremely high reputation for applying the best practices to keep your privacy safe.<\/p>\n<\/div><div class=\"mx-5 sm:mx-0 prose leading-relaxed text-lg mb-5 text-left wp-paragraph\">\n<p>Learning North will keep your data as useful for the purposes listed above. When our internal operations are not necessary, we will delete your data from all our databases within a year.<\/p>\n<\/div><!--advertisement--><div class=\"mx-5 sm:mx-0 sm:text-3xl text-2xl font-medium title-font mb-4 text-gray-900 text-left\">\n<h2 class=\"wp-block-heading\" id=\"h-hay-transferencia-internacional-de-sus-datos\">IS THERE AN INTERNATIONAL TRANSFER OF YOUR DATA?<\/h2>\n<\/div><div class=\"mx-5 sm:mx-0 prose leading-relaxed text-lg mb-5 text-left wp-paragraph\">\n<p>Your data can be transferred or stored on international networks and servers, but always within the EU or in a country outside the EU that the European Commission considers \u201cappropriate\u201d.<\/p>\n<\/div><!--advertisement--><div class=\"mx-5 sm:mx-0 sm:text-3xl text-2xl font-medium title-font mb-4 text-gray-900 text-left\">\n<h2 class=\"wp-block-heading\" id=\"h-con-quien-compartimos-sus-datos-personales\">WHY DO WE SHARE YOUR PERSONAL DATA?<\/h2>\n<\/div><div class=\"mx-5 sm:mx-0 prose leading-relaxed text-lg mb-5 text-left wp-paragraph\">\n<p>We will never sell your personal data to Nadie.<\/p>\n<\/div><div class=\"mx-5 sm:mx-0 prose leading-relaxed text-lg mb-5 text-left wp-paragraph\">\n<p>Learning North works with associated companies that offer financial products and services, and we can facilitate the exchange of your data with them when you request it or if you express a clear interest in knowing more about what you have to offer.<\/p>\n<\/div><div class=\"mx-5 sm:mx-0 prose leading-relaxed text-lg mb-5 text-left wp-paragraph\">\n<p>Finally, your data can be shared with some selected third-party data processors for the sole purpose of helping us process your data for the purposes established in this Privacy Policy. Examples of such cases are:<\/p>\n<\/div><div class=\"mx-5 sm:mx-0 prose text-left mb-5\">\n<ul><div class=\"mx-5 sm:mx-0 prose text-left mb-5\">\n<li>Payment processors hired by us to store or securely manage payment information, such as credit and debit card numbers.<\/li>\n<\/div>\n\n<div class=\"mx-5 sm:mx-0 prose text-left mb-5\">\n<li>Providers of electronic mail distribution and administration tools.<\/li>\n<\/div>\n\n<div class=\"mx-5 sm:mx-0 prose text-left mb-5\">\n<li>Security and fraud prevention service providers<\/li>\n<\/div>\n\n<div class=\"mx-5 sm:mx-0 prose text-left mb-5\">\n<li>Data analysis and aggregation software providers<\/li>\n<\/div><\/ul>\n<\/div><div class=\"mx-5 sm:mx-0 prose leading-relaxed text-lg mb-5 text-left wp-paragraph\">\n<p>In all previous cases, be sure that your data is managed exclusively by Learning North, always following the guidelines described in this Privacy Policy.<\/p>\n<\/div><!--advertisement--><div class=\"mx-5 sm:mx-0 sm:text-3xl text-2xl font-medium title-font mb-4 text-gray-900 text-left\">\n<h2 class=\"wp-block-heading\" id=\"h-cuales-son-sus-derechos-de-proteccion-de-datos\">WHAT ARE YOUR DATA PROTECTION RIGHTS?<\/h2>\n<\/div><div class=\"mx-5 sm:mx-0 prose leading-relaxed text-lg mb-5 text-left wp-paragraph\">\n<p>Learning North wants to ensure that you know all of your data protection rights. Every user has the right to the following:<\/p>\n<\/div><div class=\"mx-5 sm:mx-0 prose leading-relaxed text-lg mb-5 text-left wp-paragraph\">\n<p>Right to access \u2013 You have the right to ask Learning North for copies of your personal data. It is possible that we charge a small fee for this service.<\/p>\n<\/div><div class=\"mx-5 sm:mx-0 prose leading-relaxed text-lg mb-5 text-left wp-paragraph\">\n<p>The right to rectification: You have the right to request that Learning North correct any information that it believes is inaccurate. You also have the right to ask Learning North to complete the information you believe is incomplete.<\/p>\n<\/div><div class=\"mx-5 sm:mx-0 prose leading-relaxed text-lg mb-5 text-left wp-paragraph\">\n<p>The right to erase \u2013 You have the right to request that Learning North erase your personal data, under certain conditions.<\/p>\n<\/div><div class=\"mx-5 sm:mx-0 prose leading-relaxed text-lg mb-5 text-left wp-paragraph\">\n<p>The right to restrict the processing: you have the right to request that Learning North restrict the processing of your personal data, under certain conditions.<\/p>\n<\/div><div class=\"mx-5 sm:mx-0 prose leading-relaxed text-lg mb-5 text-left wp-paragraph\">\n<p>The right to oppose the processing: we have the right to oppose the processing of your personal data by Learning North, under certain conditions.<\/p>\n<\/div><div class=\"mx-5 sm:mx-0 prose leading-relaxed text-lg mb-5 text-left wp-paragraph\">\n<p>The right to data portability \u2013 You have the right to request that Learning North transfer the data we have collected to another organization, or directly to us, under certain conditions.<\/p>\n<\/div><div class=\"mx-5 sm:mx-0 prose leading-relaxed text-lg mb-5 text-left wp-paragraph\">\n<p>If you make a request, we have one month to respond. If you wish to exercise any of these rights, communicate with us via our electronic mail: <a style=\" color:;\" href=\"mailto:dpo@learningnorth.com\">dpo@learningnorth.com<\/a><\/p>\n<\/div><!--advertisement--><div class=\"mx-5 sm:mx-0 sm:text-3xl text-2xl font-medium title-font mb-4 text-gray-900 text-left\">\n<h2 class=\"wp-block-heading\" id=\"h-que-son-las-cookies\">WHAT ARE COOKIES?<\/h2>\n<\/div><div class=\"mx-5 sm:mx-0 prose leading-relaxed text-lg mb-5 text-left wp-paragraph\">\n<p>Cookies are text files that are placed on your computer to collect standard Internet log information and information about visitor behavior. When you visit our websites, we may collect information automatically using cookies or similar technology.<\/p>\n<\/div><div class=\"mx-5 sm:mx-0 prose leading-relaxed text-lg mb-5 text-left wp-paragraph\">\n<p>To obtain more information, visit <a style=\" color:;\" href=\"http:\/\/allaboutcookies.org\">allaboutcookies.org<\/a>.<\/p>\n<\/div><!--advertisement--><div class=\"mx-5 sm:mx-0 sm:text-3xl text-2xl font-medium title-font mb-4 text-gray-900 text-left\">\n<h2 class=\"wp-block-heading\" id=\"h-como-usamos-las-cookies\">HOW DO WE USE COOKIES?<\/h2>\n<\/div><div class=\"mx-5 sm:mx-0 prose leading-relaxed text-lg mb-5 text-left wp-paragraph\">\n<p>Learning North uses cookies in several ways to improve your experience on our website, which include:<\/p>\n<\/div><div class=\"mx-5 sm:mx-0 prose text-left mb-5\">\n<ul><div class=\"mx-5 sm:mx-0 prose text-left mb-5\">\n<li>Keep it registered, when applicable<\/li>\n<\/div>\n\n<div class=\"mx-5 sm:mx-0 prose text-left mb-5\">\n<li>Understand how to use our website<\/li>\n<\/div>\n\n<div class=\"mx-5 sm:mx-0 prose text-left mb-5\">\n<li>Show advertising on our website that is relevant to users<\/li>\n<\/div><\/ul>\n<\/div><!--advertisement--><div class=\"mx-5 sm:mx-0 sm:text-3xl text-2xl font-medium title-font mb-4 text-gray-900 text-left\">\n<h2 class=\"wp-block-heading\" id=\"h-que-tipos-de-cookies-utilizamos\">WHAT TYPES OF COOKIES DO WE USE?<\/h2>\n<\/div><div class=\"mx-5 sm:mx-0 prose leading-relaxed text-lg mb-5 text-left wp-paragraph\">\n<p>There are several different types of cookies, however, our website uses:<\/p>\n<\/div><div class=\"mx-5 sm:mx-0 prose text-left mb-5\">\n<ul><div class=\"mx-5 sm:mx-0 prose text-left mb-5\">\n<li><strong>Functionality<\/strong>: Learning North uses these cookies so that we recognize you on our website and remember your previously selected preferences. These can include the language you prefer and the location where you are located. A combination of own and third-party cookies is used.<\/li>\n<\/div>\n\n<div class=\"mx-5 sm:mx-0 prose text-left mb-5\">\n<li><strong>Advertising: <\/strong>Learning North uses these cookies to collect information about your visit to our website, the content you viewed, the links you followed, and information about your browser, device and IP address. On occasions, Learning North shares some limited aspects of these data with third parties for advertising purposes. We can also share online data collected through cookies with our advertising partners. This means that when you visit another website, it is possible to show advertising based on your browsing patrons on our website.<\/li>\n<\/div>\n\n<div class=\"mx-5 sm:mx-0 prose text-left mb-5\">\n<li><strong>Analysis:<\/strong> Learning North uses these cookies to understand your behavior with our website, applications and emails, so that we can understand your interests as a customer and ways to provide a better service.<\/li>\n<\/div><\/ul>\n<\/div><!--advertisement--><div class=\"mx-5 sm:mx-0 sm:text-3xl text-2xl font-medium title-font mb-4 text-gray-900 text-left\">\n<h2 class=\"wp-block-heading\" id=\"h-como-gestionar-las-cookies\">HOW TO MANAGE COOKIES<\/h2>\n<\/div><div class=\"mx-5 sm:mx-0 prose leading-relaxed text-lg mb-5 text-left wp-paragraph\">\n<p>When you first enter our website, you will be asked to give your consent regarding the types of cookies that we can place in your browser. \u201cFunctionality\u201d type cookies will not depend on your consent as they are necessary for the website to function properly.<\/p>\n<\/div><div class=\"mx-5 sm:mx-0 prose leading-relaxed text-lg mb-5 text-left wp-paragraph\">\n<p>You can change or revoke your consent at any time by clicking on the ADMINISTRATE CONSENT option on the website page.<\/p>\n<\/div><div class=\"mx-5 sm:mx-0 prose leading-relaxed text-lg mb-5 text-left wp-paragraph\">\n<p>You can configure your browser so that it does not accept cookies, or to delete all cookies from your browser. Visit <a style=\" color:;\" href=\"https:\/\/www.allaboutcookies.org\/manage-cookies\/\" target=\"_blank\" rel=\"noreferrer noopener\">https:\/\/www.allaboutcookies.org\/manage-cookies\/<\/a> to obtain more information on how to carry out these actions. However, be aware that, after all, it is possible that some of the functions of our website will not work.<\/p>\n<\/div><!--advertisement--><div class=\"mx-5 sm:mx-0 sm:text-3xl text-2xl font-medium title-font mb-4 text-gray-900 text-left\">\n<h2 class=\"wp-block-heading\" id=\"h-politicas-de-privacidad-de-otros-sitios-web\">PRIVACY POLICIES OF OTHER WEBSITES<\/h2>\n<\/div><div class=\"mx-5 sm:mx-0 prose leading-relaxed text-lg mb-5 text-left wp-paragraph\">\n<p>The Learning North website contains links to other websites. Our Privacy Policy applies only to our website, so if you click on a link to another website, you must read our privacy policy.<\/p>\n<\/div><!--advertisement--><div class=\"mx-5 sm:mx-0 sm:text-3xl text-2xl font-medium title-font mb-4 text-gray-900 text-left\">\n<h2 class=\"wp-block-heading\" id=\"h-cambios-en-nuestra-politica-de-privacidad\">CHANGES IN OUR PRIVACY POLICY<\/h2>\n<\/div><div class=\"mx-5 sm:mx-0 prose leading-relaxed text-lg mb-5 text-left wp-paragraph\">\n<p>Learning North maintains its Privacy Policy under periodic review and posts any updates on this website. When we do this, we will review the \u201cLast updated\u201d button at the top of this Privacy Policy.<\/p>\n<\/div><div class=\"mx-5 sm:mx-0 prose leading-relaxed text-lg mb-5 text-left wp-paragraph\">\n<p>If there is any material change in this Privacy Policy, we can notify you, as long as we have your contact information in our databases.<\/p>\n<\/div><div class=\"mx-5 sm:mx-0 prose leading-relaxed text-lg mb-5 text-left wp-paragraph\">\n<p>We recommend that you periodically review this Privacy Policy to learn how Learning North is processing your data.<\/p>\n<\/div><!--advertisement--><div class=\"mx-5 sm:mx-0 sm:text-3xl text-2xl font-medium title-font mb-4 text-gray-900 text-left\">\n<h2 class=\"wp-block-heading\" id=\"h-como-contactarnos\">HOW TO CONTACT US<\/h2>\n<\/div><div class=\"mx-5 sm:mx-0 prose leading-relaxed text-lg mb-5 text-left wp-paragraph\">\n<p>If you have a question about Learning North&#039;s Privacy Policy, the data we have about it is usted or if you want to exercise some of your rights <\/p>\n<\/div>","protected":false},"excerpt":{"rendered":"<p>Last updated on April 15, 2024. This Privacy Policy will explain how our organization (Learning North) uses personal data that we collect from us when using our website. Topics: WHAT DATA DO WE COLLECT? Learning North collects the following data: HOW DO WE COLLECT YOUR DATA? Usted directly provides Learning North with the majority of\u2026 <a class=\"more-link\" href=\"https:\/\/learningnorth.com\/en\/privacy\/\">Continue reading <span class=\"screen-reader-text\">Privacy Policy<\/span><\/a><\/p>","protected":false},"author":9,"featured_media":0,"parent":0,"menu_order":0,"comment_status":"closed","ping_status":"closed","template":"","meta":{"footnotes":""},"yoast_head":"<!-- This site is optimized with the Yoast SEO plugin v23.3 - https:\/\/yoast.com\/wordpress\/plugins\/seo\/ -->\n<title>Politica de Privacidad - Learning North<\/title>\n<meta name=\"robots\" content=\"index, follow, max-snippet:-1, max-image-preview:large, max-video-preview:-1\" \/>\n<link rel=\"canonical\" href=\"https:\/\/learningnorth.com\/en\/privacy\/\" \/>\n<meta property=\"og:locale\" content=\"en_US\" \/>\n<meta property=\"og:type\" content=\"article\" \/>\n<meta property=\"og:title\" content=\"Politica de Privacidad - Learning North\" \/>\n<meta property=\"og:description\" content=\"\u00daltima actualizaci\u00f3n el 15 de abril de 2024. Esta Pol\u00edtica de Privacidad explicar\u00e1 c\u00f3mo nuestra organizaci\u00f3n (Learning North) utiliza los datos personales que recopilamos de usted cuando utiliza nuestro sitio web. Temas: \u00bfQU\u00c9 DATOS RECOPILAMOS? Learning North recoge los siguientes datos: \u00bfC\u00d3MO RECOPILAMOS SUS DATOS? Usted proporciona directamente a Learning North la mayor\u00eda de los&hellip; Continue reading Politica de Privacidad\" \/>\n<meta property=\"og:url\" content=\"https:\/\/learningnorth.com\/en\/privacy\/\" \/>\n<meta property=\"og:site_name\" content=\"Learning North\" \/>\n<meta property=\"article:modified_time\" content=\"2024-04-15T19:20:49+00:00\" \/>\n<meta name=\"twitter:card\" content=\"summary_large_image\" \/>\n<meta name=\"twitter:label1\" content=\"Est. reading time\" \/>\n\t<meta name=\"twitter:data1\" content=\"8 minutes\" \/>\n<script type=\"application\/ld+json\" class=\"yoast-schema-graph\">{\"@context\":\"https:\/\/schema.org\",\"@graph\":[{\"@type\":\"WebPage\",\"@id\":\"https:\/\/learningnorth.com\/privacy\/\",\"url\":\"https:\/\/learningnorth.com\/privacy\/\",\"name\":\"Politica de Privacidad - Learning North\",\"isPartOf\":{\"@id\":\"https:\/\/learningnorth.com\/#website\"},\"datePublished\":\"2024-04-15T19:11:35+00:00\",\"dateModified\":\"2024-04-15T19:20:49+00:00\",\"breadcrumb\":{\"@id\":\"https:\/\/learningnorth.com\/privacy\/#breadcrumb\"},\"inLanguage\":\"en-US\",\"potentialAction\":[{\"@type\":\"ReadAction\",\"target\":[\"https:\/\/learningnorth.com\/privacy\/\"]}]},{\"@type\":\"BreadcrumbList\",\"@id\":\"https:\/\/learningnorth.com\/privacy\/#breadcrumb\",\"itemListElement\":[{\"@type\":\"ListItem\",\"position\":1,\"name\":\"Home\",\"item\":\"https:\/\/learningnorth.com\/\"},{\"@type\":\"ListItem\",\"position\":2,\"name\":\"Politica de Privacidad\"}]},{\"@type\":\"WebSite\",\"@id\":\"https:\/\/learningnorth.com\/#website\",\"url\":\"https:\/\/learningnorth.com\/\",\"name\":\"Learning North\",\"description\":\"\",\"potentialAction\":[{\"@type\":\"SearchAction\",\"target\":{\"@type\":\"EntryPoint\",\"urlTemplate\":\"https:\/\/learningnorth.com\/?s={search_term_string}\"},\"query-input\":\"required name=search_term_string\"}],\"inLanguage\":\"en-US\"}]}<\/script>\n<!-- \/ Yoast SEO plugin. -->","yoast_head_json":{"title":"Politica de Privacidad - Learning North","robots":{"index":"index","follow":"follow","max-snippet":"max-snippet:-1","max-image-preview":"max-image-preview:large","max-video-preview":"max-video-preview:-1"},"canonical":"https:\/\/learningnorth.com\/en\/privacy\/","og_locale":"en_US","og_type":"article","og_title":"Politica de Privacidad - Learning North","og_description":"\u00daltima actualizaci\u00f3n el 15 de abril de 2024. Esta Pol\u00edtica de Privacidad explicar\u00e1 c\u00f3mo nuestra organizaci\u00f3n (Learning North) utiliza los datos personales que recopilamos de usted cuando utiliza nuestro sitio web. Temas: \u00bfQU\u00c9 DATOS RECOPILAMOS? Learning North recoge los siguientes datos: \u00bfC\u00d3MO RECOPILAMOS SUS DATOS? Usted proporciona directamente a Learning North la mayor\u00eda de los&hellip; Continue reading Politica de Privacidad","og_url":"https:\/\/learningnorth.com\/en\/privacy\/","og_site_name":"Learning North","article_modified_time":"2024-04-15T19:20:49+00:00","twitter_card":"summary_large_image","twitter_misc":{"Est. reading time":"8 minutes"},"schema":{"@context":"https:\/\/schema.org","@graph":[{"@type":"WebPage","@id":"https:\/\/learningnorth.com\/privacy\/","url":"https:\/\/learningnorth.com\/privacy\/","name":"Politica de Privacidad - Learning North","isPartOf":{"@id":"https:\/\/learningnorth.com\/#website"},"datePublished":"2024-04-15T19:11:35+00:00","dateModified":"2024-04-15T19:20:49+00:00","breadcrumb":{"@id":"https:\/\/learningnorth.com\/privacy\/#breadcrumb"},"inLanguage":"en-US","potentialAction":[{"@type":"ReadAction","target":["https:\/\/learningnorth.com\/privacy\/"]}]},{"@type":"BreadcrumbList","@id":"https:\/\/learningnorth.com\/privacy\/#breadcrumb","itemListElement":[{"@type":"ListItem","position":1,"name":"Home","item":"https:\/\/learningnorth.com\/"},{"@type":"ListItem","position":2,"name":"Politica de Privacidad"}]},{"@type":"WebSite","@id":"https:\/\/learningnorth.com\/#website","url":"https:\/\/learningnorth.com\/","name":"Learning North","description":"","potentialAction":[{"@type":"SearchAction","target":{"@type":"EntryPoint","urlTemplate":"https:\/\/learningnorth.com\/?s={search_term_string}"},"query-input":"required name=search_term_string"}],"inLanguage":"en-US"}]}},"_links":{"self":[{"href":"https:\/\/learningnorth.com\/en\/wp-json\/wp\/v2\/pages\/233"}],"collection":[{"href":"https:\/\/learningnorth.com\/en\/wp-json\/wp\/v2\/pages"}],"about":[{"href":"https:\/\/learningnorth.com\/en\/wp-json\/wp\/v2\/types\/page"}],"author":[{"embeddable":true,"href":"https:\/\/learningnorth.com\/en\/wp-json\/wp\/v2\/users\/9"}],"replies":[{"embeddable":true,"href":"https:\/\/learningnorth.com\/en\/wp-json\/wp\/v2\/comments?post=233"}],"version-history":[{"count":2,"href":"https:\/\/learningnorth.com\/en\/wp-json\/wp\/v2\/pages\/233\/revisions"}],"predecessor-version":[{"id":237,"href":"https:\/\/learningnorth.com\/en\/wp-json\/wp\/v2\/pages\/233\/revisions\/237"}],"wp:attachment":[{"href":"https:\/\/learningnorth.com\/en\/wp-json\/wp\/v2\/media?parent=233"}],"curies":[{"name":"wp","href":"https:\/\/api.w.org\/{rel}","templated":true}]}}