{"id":235,"date":"2024-04-15T19:18:16","date_gmt":"2024-04-15T19:18:16","guid":{"rendered":"https:\/\/learningnorth.com\/?page_id=235"},"modified":"2024-04-15T19:18:18","modified_gmt":"2024-04-15T19:18:18","slug":"terms","status":"publish","type":"page","link":"https:\/\/learningnorth.com\/en\/terms\/","title":{"rendered":"General Terms and Conditions of Use"},"content":{"rendered":"<div class=\"mx-5 sm:mx-0 prose leading-relaxed text-lg mb-5 text-left wp-paragraph\">\n<p>Welcome to learningnorth.com, website (\u201cSite\u201d) based in Keemia 4, Tallinn, Estonia.<\/p>\n<\/div><div class=\"mx-5 sm:mx-0 prose leading-relaxed text-lg mb-5 text-left wp-paragraph\">\n<p>Learning North is a website specialized in creating content related to online education and courses.<\/p>\n<\/div><div class=\"mx-5 sm:mx-0 prose leading-relaxed text-lg mb-5 text-left wp-paragraph\">\n<p>When using this Site, you accept the General Terms and Conditions of Use described in this document.<\/p>\n<\/div><!--advertisement--><div class=\"mx-5 sm:mx-0 sm:text-3xl text-2xl font-medium title-font mb-4 text-gray-900 text-left\">\n<h2 class=\"wp-block-heading\" id=\"h-informaciones-importantes\">IMPORTANT INFORMATION<\/h2>\n<\/div><div class=\"mx-5 sm:mx-0 prose leading-relaxed text-lg mb-5 text-left wp-paragraph\">\n<p>Learning North DO NOT INTERFERE in any process that involves the analysis and\/or approval of the credit of our clients or partners, therefore the final decision to carry out a business, grant credit or offer is always one of them, according to its own credit and risk criteria and policies.<\/p>\n<\/div><div class=\"mx-5 sm:mx-0 prose leading-relaxed text-lg mb-5 text-left wp-paragraph\">\n<p>Learning North DOES NOT SEND, DOES NOT REQUEST, under any circumstances, money for the release of any type of financial product, without a credit card, financing or loan. If this happens, please report it immediately using the contact information provided in this document.<\/p>\n<\/div><div class=\"mx-5 sm:mx-0 prose leading-relaxed text-lg mb-5 text-left wp-paragraph\">\n<p>Learning North does not send emails to Users requesting confirmation of data or registration with additional executable files (for example: extensions .exe, .com, .scr, .zip, .rar), or links to perform downloads. If this happens, please report it immediately using the contact information provided in this document.<\/p>\n<\/div><div class=\"mx-5 sm:mx-0 prose leading-relaxed text-lg mb-5 text-left wp-paragraph\">\n<p>Learning North DOES NOT OFFER any type of financial, legal or accounting consultancy or advisory services. The information available on the Site has a purely informative function and must be used by the user under their own responsibility. This information should not be interpreted as investment advice, financial planning, legal or accounting.<\/p>\n<\/div><div class=\"mx-5 sm:mx-0 prose leading-relaxed text-lg mb-5 text-left wp-paragraph\">\n<p>Learning North cannot guarantee the total accuracy, quality and integrity of the information contained in its articles and is not responsible for the decisions made by the user based on the articles and the information on the Site. We can also guarantee that the information contained on the Site applies equally to the individual realities of each User. The User declares himself responsible and aware that he must verify the information presented on the Site whenever he is going to use it for any application.<\/p>\n<\/div><!--advertisement--><div class=\"mx-5 sm:mx-0 sm:text-3xl text-2xl font-medium title-font mb-4 text-gray-900 text-left\">\n<h2 class=\"wp-block-heading\" id=\"h-aceptacion\">ACCEPTANCE<\/h2>\n<\/div><div class=\"mx-5 sm:mx-0 prose leading-relaxed text-lg mb-5 text-left wp-paragraph\">\n<p>The User, when accessing Learning North, ACEPTA respect the General Conditions of Use and the <a style=\" color:;\" href=\"https:\/\/learningnorth.com\/en\/privacy\/\">Privacy Policy<\/a> from Learning North.<\/p>\n<\/div><div class=\"mx-5 sm:mx-0 prose leading-relaxed text-lg mb-5 text-left wp-paragraph\">\n<p>When accessing and using Learning North, the User declares to be at least 18 (dieciocho) years old and fully and expressly accept the terms and conditions of these Terms and Conditions of Use for all legal purposes.<\/p>\n<\/div><div class=\"mx-5 sm:mx-0 prose leading-relaxed text-lg mb-5 text-left wp-paragraph\">\n<p>If the User does not conform to the previous description and\/or is not in compliance, including in part, with the terms and conditions contained in these Terms and Conditions of Use, he\/she will not be able to access and\/or use the services offered by Learning North, as well as the websites and services operated by it.<\/p>\n<\/div><!--advertisement--><div class=\"mx-5 sm:mx-0 sm:text-3xl text-2xl font-medium title-font mb-4 text-gray-900 text-left\">\n<h2 class=\"wp-block-heading\" id=\"h-contacto\">CONTACT<\/h2>\n<\/div><div class=\"mx-5 sm:mx-0 prose leading-relaxed text-lg mb-5 text-left wp-paragraph\">\n<p>The User has this service available to answer all your questions, solve any problem and present any queries or other information about products\/services available at Learning North.<\/p>\n<\/div><div class=\"mx-5 sm:mx-0 prose leading-relaxed text-lg mb-5 text-left wp-paragraph\">\n<p>Contact can be made using the form on <a style=\" color:;\" href=\"https:\/\/learningnorth.com\/en\/contact\/\">https:\/\/learningnorth.com\/contact\/<\/a><\/p>\n<\/div><!--advertisement--><div class=\"mx-5 sm:mx-0 sm:text-3xl text-2xl font-medium title-font mb-4 text-gray-900 text-left\">\n<h2 class=\"wp-block-heading\" id=\"h-responsabilidades-de-las-partes\">RESPONSIBILITIES OF THE PARTIES<\/h2>\n<\/div><div class=\"mx-5 sm:mx-0 prose leading-relaxed text-lg mb-5 text-left wp-paragraph\">\n<p>Learning North provides links and\/or redirects the User to other websites, where the User can contract services and\/or purchase products from the respective companies, without any type of interference on the part of Learning North.<\/p>\n<\/div><div class=\"mx-5 sm:mx-0 prose leading-relaxed text-lg mb-5 text-left wp-paragraph\">\n<p>If the User is directed to the website page of the company advertised on the website, the User must read carefully and expressly accept the terms and conditions of use and the privacy policy of the advertised company.<\/p>\n<\/div><div class=\"mx-5 sm:mx-0 prose leading-relaxed text-lg mb-5 text-left wp-paragraph\">\n<p>Learning North is not responsible for: (a) the terms of use and the privacy policy of advertised companies; (b) about information on services and\/or advertised products; (c) about services and\/or products that can be offered and\/or contracted with advertised companies.<\/p>\n<\/div><div class=\"mx-5 sm:mx-0 prose leading-relaxed text-lg mb-5 text-left wp-paragraph\">\n<p>Learning North is not responsible for any viruses, malware, spyware, Trojans or any software that can damage or change the configuration of the Users&#039; equipment as a result of browsing or using the Internet or as a result of transferring data, texts, images, files or audios. It is the User&#039;s responsibility to use the Internet carefully to prevent malicious software from infecting their computer, such as keeping their computer&#039;s operating system up to date and using antivirus programs.<\/p>\n<\/div><div class=\"mx-5 sm:mx-0 prose leading-relaxed text-lg mb-5 text-left wp-paragraph\">\n<p>Learning North is not responsible for losses and damages resulting from irregular use of the Learning North website and \/ or fortuitous cases and \/ or force mayor.<\/p>\n<\/div><div class=\"mx-5 sm:mx-0 prose leading-relaxed text-lg mb-5 text-left wp-paragraph\">\n<p>Without prejudice to the other provisions of these Terms of Use, the User is obliged to:<\/p>\n<\/div><div class=\"mx-5 sm:mx-0 prose leading-relaxed text-lg mb-5 text-left wp-paragraph\">\n<p>(a) Do not violate any third party rights when using Learning North;<\/p>\n<\/div><div class=\"mx-5 sm:mx-0 prose leading-relaxed text-lg mb-5 text-left wp-paragraph\">\n<p>(b) Do not use Learning North for the purpose of monitoring or harassing third parties;<\/p>\n<\/div><div class=\"mx-5 sm:mx-0 prose leading-relaxed text-lg mb-5 text-left wp-paragraph\">\n<p>(c) Not participate in fraudulent, illegal, dishonest or inappropriate activities while using the Learning North website; y<\/p>\n<\/div><div class=\"mx-5 sm:mx-0 prose leading-relaxed text-lg mb-5 text-left wp-paragraph\">\n<p>(d) Respect the conditions established in these General Conditions of Use and in the Privacy Policy, as well as the current Spanish legislation;<\/p>\n<\/div><!--advertisement--><div class=\"mx-5 sm:mx-0 sm:text-3xl text-2xl font-medium title-font mb-4 text-gray-900 text-left\">\n<h2 class=\"wp-block-heading\" id=\"h-datos-y-privacidad\">DATA AND PRIVACY<\/h2>\n<\/div><div class=\"mx-5 sm:mx-0 prose leading-relaxed text-lg mb-5 text-left wp-paragraph\">\n<p>Use of the onestopcourse.com website may result in the transfer of the user&#039;s personal data to Learning North. By using our website, you declare that you understand our Privacy Policy, accessible on <a style=\" color:;\" href=\"https:\/\/learningnorth.com\/en\/privacy\/\">https:\/\/learningnorth.com\/privacy\/<\/a>, as well as current legislation.<\/p>\n<\/div><!--advertisement--><div class=\"mx-5 sm:mx-0 sm:text-3xl text-2xl font-medium title-font mb-4 text-gray-900 text-left\">\n<h2 class=\"wp-block-heading\" id=\"h-contenido-y-propiedad-intelectual\">CONTENT AND INTELLECTUAL PROPERTY<\/h2>\n<\/div><div class=\"mx-5 sm:mx-0 prose leading-relaxed text-lg mb-5 text-left wp-paragraph\">\n<p>Learning North has intellectual property rights for all material on the onestopcourse.com website. The User cannot reproduce, duplicate, copy, sell, rent, sublease, translate or distribute materials and contents of the website, nor create derivatives of the content to compose other websites or educational, training or reference materials.<\/p>\n<\/div><div class=\"mx-5 sm:mx-0 prose leading-relaxed text-lg mb-5 text-left wp-paragraph\">\n<p>The User cannot use iFrames to include content from this Site in other places. However, Learning North allows and promotes the exchange of links to the Site&#039;s content.<\/p>\n<\/div><div class=\"mx-5 sm:mx-0 prose leading-relaxed text-lg mb-5 text-left wp-paragraph\">\n<p>The use of the Site by the User and the information contained therein is restricted to personal and non-commercial purposes.<\/p>\n<\/div><!--advertisement--><div class=\"mx-5 sm:mx-0 sm:text-3xl text-2xl font-medium title-font mb-4 text-gray-900 text-left\">\n<h2 class=\"wp-block-heading\" id=\"h-sitio-web-y-servicios\">WEBSITE AND SERVICES<\/h2>\n<\/div><div class=\"mx-5 sm:mx-0 prose leading-relaxed text-lg mb-5 text-left wp-paragraph\">\n<p>We cannot guarantee that access to the Site, its use, will be uninterrupted or error-free, and Learning North will not be responsible if any section of the Site is not available.<\/p>\n<\/div><div class=\"mx-5 sm:mx-0 prose leading-relaxed text-lg mb-5 text-left wp-paragraph\">\n<p>The Site, its content and functions may be modified or discontinued at any time by Learning North, without justification or prior notice.<\/p>\n<\/div><div class=\"mx-5 sm:mx-0 prose leading-relaxed text-lg mb-5 text-left wp-paragraph\">\n<p>Learning North is not responsible if the system, the user&#039;s Internet connection equipment is insufficient for the use of the Site.<\/p>\n<\/div><!--advertisement--><div class=\"mx-5 sm:mx-0 sm:text-3xl text-2xl font-medium title-font mb-4 text-gray-900 text-left\">\n<h2 class=\"wp-block-heading\" id=\"h-publicidad-en-el-sitio\">ADVERTISING ON THE SITE<\/h2>\n<\/div><div class=\"mx-5 sm:mx-0 prose leading-relaxed text-lg mb-5 text-left wp-paragraph\">\n<p>Although we seek to associate ourselves only with high-quality companies, Learning North is not responsible for the products and services provided by companies that advertise themselves on our website, which we recommend through our content. Therefore, Learning North is not involved, nor is it responsible, for any commercial commitment, exchange of personal data or any other form of interaction between the User and the companies whose brand appears on our website, it is advertised or mentioned in our content.<\/p>\n<\/div><!--advertisement--><div class=\"mx-5 sm:mx-0 sm:text-3xl text-2xl font-medium title-font mb-4 text-gray-900 text-left\">\n<h2 class=\"wp-block-heading\" id=\"h-modificacion-de-terminos-y-condiciones\">MODIFICATION OF TERMS AND CONDITIONS<\/h2>\n<\/div><div class=\"mx-5 sm:mx-0 prose leading-relaxed text-lg mb-5 text-left wp-paragraph\">\n<p>Learning North&#039;s General Terms and Conditions of Use can be modified, supplemented or replaced at any time. When we do, the updated version will be available on this page, together with the close of the last revision.<\/p>\n<\/div><div class=\"mx-5 sm:mx-0 prose leading-relaxed text-lg mb-5 text-left wp-paragraph\">\n<p>We encourage the User to stay updated on our terms through this address: <a style=\" color:;\" href=\"https:\/\/learningnorth.com\/en\/terms\/\">https:\/\/learningnorth.com\/terms<\/a>.<\/p>\n<\/div><div class=\"mx-5 sm:mx-0 prose leading-relaxed text-lg mb-5 text-left wp-paragraph\">\n<p>If there is any significant change in these General Terms and Conditions of Use, Learning North can notify the User, as long as we have their contact information in our databases.<\/p>\n<\/div><!--advertisement--><div class=\"mx-5 sm:mx-0 sm:text-3xl text-2xl font-medium title-font mb-4 text-gray-900 text-left\">\n<h2 class=\"wp-block-heading\" id=\"h-plazo-de-vigencia-y-extincion-de-los-terminos-y-condiciones\">TERM AND EXTINCTION OF TERMINATIONS AND CONDITIONS.<\/h2>\n<\/div><div class=\"mx-5 sm:mx-0 prose leading-relaxed text-lg mb-5 text-left wp-paragraph\">\n<p>These General Terms and Conditions of Use will be in force for an indefinite period of time and any legal or administrative claim that arises from the use of Learning North object of these General Terms of Use or of it <a style=\" color:;\" href=\"https:\/\/onestopcourse.com\/privacy\/\">Policy of <\/a><a style=\" color:;\" href=\"https:\/\/learningnorth.com\/en\/privacy\/\">Privacy<\/a> It must be proposed within 90 (ninety) days following the event it provoked them.<\/p>\n<\/div><!--advertisement--><div class=\"mx-5 sm:mx-0 sm:text-3xl text-2xl font-medium title-font mb-4 text-gray-900 text-left\">\n<h2 class=\"wp-block-heading\" id=\"h-legislacion-y-jurisdiccion-de-eleccion\">LEGISLACI\u00d3N AND JURISDICTION OF ELECTION<\/h2>\n<\/div><div class=\"mx-5 sm:mx-0 prose leading-relaxed text-lg mb-5 text-left wp-paragraph\">\n<p>All matters related to interpretation, compliance or any other question related to these General Terms and Conditions of Use and <a style=\" color:;\" href=\"https:\/\/learningnorth.com\/en\/privacy\/\">Privacy Policy<\/a>, the parties apply and expressly to the Chamber of Commerce of Tallinn, Estonia (El Tribunal de Arbitraje de la Chamber of Commerce of Estonia and Industry), to resolve all and every one of the doubts, questions or conflicts arising from this court.<\/p>\n<\/div>","protected":false},"excerpt":{"rendered":"<p>Welcome to learningnorth.com, website (\u201cSite\u201d) based in Keemia 4, Tallinn, Estonia. Learning North is a website specialized in creating content related to online education and courses. When using this Site, you accept the General Terms and Conditions of Use described in this document. IMPORTANT INFORMATION Learning North NO INTERFIERE\u2026 <a class=\"more-link\" href=\"https:\/\/learningnorth.com\/en\/terms\/\">Continue reading <span class=\"screen-reader-text\">General Terms and Conditions of Use<\/span><\/a><\/p>","protected":false},"author":9,"featured_media":0,"parent":0,"menu_order":0,"comment_status":"closed","ping_status":"closed","template":"","meta":{"footnotes":""},"yoast_head":"<!-- This site is optimized with the Yoast SEO plugin v23.3 - https:\/\/yoast.com\/wordpress\/plugins\/seo\/ -->\n<title>T\u00e9rminos y Condiciones Generales de Uso - Learning North<\/title>\n<meta name=\"robots\" content=\"index, follow, max-snippet:-1, max-image-preview:large, max-video-preview:-1\" \/>\n<link rel=\"canonical\" href=\"https:\/\/learningnorth.com\/en\/terms\/\" \/>\n<meta property=\"og:locale\" content=\"en_US\" \/>\n<meta property=\"og:type\" content=\"article\" \/>\n<meta property=\"og:title\" content=\"T\u00e9rminos y Condiciones Generales de Uso - Learning North\" \/>\n<meta property=\"og:description\" content=\"Bienvenido a learningnorth.com, sitio web (&#8220;Sitio&#8221;) con sede en Keemia 4, Tallin, Estonia. Learning North es un sitio web especializado en la creaci\u00f3n de contenidos relacionados a la educaci\u00f3n y cursos en l\u00ednea. Al utilizar este Sitio, acepta los T\u00e9rminos y Condiciones Generales de Uso descritos en este documento. INFORMACIONES IMPORTANTES Learning North NO INTERFIERE&hellip; Continue reading T\u00e9rminos y Condiciones Generales de Uso\" \/>\n<meta property=\"og:url\" content=\"https:\/\/learningnorth.com\/en\/terms\/\" \/>\n<meta property=\"og:site_name\" content=\"Learning North\" \/>\n<meta property=\"article:modified_time\" content=\"2024-04-15T19:18:18+00:00\" \/>\n<meta name=\"twitter:card\" content=\"summary_large_image\" \/>\n<meta name=\"twitter:label1\" content=\"Est. reading time\" \/>\n\t<meta name=\"twitter:data1\" content=\"7 minutes\" \/>\n<script type=\"application\/ld+json\" class=\"yoast-schema-graph\">{\"@context\":\"https:\/\/schema.org\",\"@graph\":[{\"@type\":\"WebPage\",\"@id\":\"https:\/\/learningnorth.com\/terms\/\",\"url\":\"https:\/\/learningnorth.com\/terms\/\",\"name\":\"T\u00e9rminos y Condiciones Generales de Uso - Learning North\",\"isPartOf\":{\"@id\":\"https:\/\/learningnorth.com\/#website\"},\"datePublished\":\"2024-04-15T19:18:16+00:00\",\"dateModified\":\"2024-04-15T19:18:18+00:00\",\"breadcrumb\":{\"@id\":\"https:\/\/learningnorth.com\/terms\/#breadcrumb\"},\"inLanguage\":\"en-US\",\"potentialAction\":[{\"@type\":\"ReadAction\",\"target\":[\"https:\/\/learningnorth.com\/terms\/\"]}]},{\"@type\":\"BreadcrumbList\",\"@id\":\"https:\/\/learningnorth.com\/terms\/#breadcrumb\",\"itemListElement\":[{\"@type\":\"ListItem\",\"position\":1,\"name\":\"Home\",\"item\":\"https:\/\/learningnorth.com\/\"},{\"@type\":\"ListItem\",\"position\":2,\"name\":\"T\u00e9rminos y Condiciones Generales de Uso\"}]},{\"@type\":\"WebSite\",\"@id\":\"https:\/\/learningnorth.com\/#website\",\"url\":\"https:\/\/learningnorth.com\/\",\"name\":\"Learning North\",\"description\":\"\",\"potentialAction\":[{\"@type\":\"SearchAction\",\"target\":{\"@type\":\"EntryPoint\",\"urlTemplate\":\"https:\/\/learningnorth.com\/?s={search_term_string}\"},\"query-input\":\"required name=search_term_string\"}],\"inLanguage\":\"en-US\"}]}<\/script>\n<!-- \/ Yoast SEO plugin. -->","yoast_head_json":{"title":"T\u00e9rminos y Condiciones Generales de Uso - Learning North","robots":{"index":"index","follow":"follow","max-snippet":"max-snippet:-1","max-image-preview":"max-image-preview:large","max-video-preview":"max-video-preview:-1"},"canonical":"https:\/\/learningnorth.com\/en\/terms\/","og_locale":"en_US","og_type":"article","og_title":"T\u00e9rminos y Condiciones Generales de Uso - Learning North","og_description":"Bienvenido a learningnorth.com, sitio web (&#8220;Sitio&#8221;) con sede en Keemia 4, Tallin, Estonia. Learning North es un sitio web especializado en la creaci\u00f3n de contenidos relacionados a la educaci\u00f3n y cursos en l\u00ednea. Al utilizar este Sitio, acepta los T\u00e9rminos y Condiciones Generales de Uso descritos en este documento. INFORMACIONES IMPORTANTES Learning North NO INTERFIERE&hellip; Continue reading T\u00e9rminos y Condiciones Generales de Uso","og_url":"https:\/\/learningnorth.com\/en\/terms\/","og_site_name":"Learning North","article_modified_time":"2024-04-15T19:18:18+00:00","twitter_card":"summary_large_image","twitter_misc":{"Est. reading time":"7 minutes"},"schema":{"@context":"https:\/\/schema.org","@graph":[{"@type":"WebPage","@id":"https:\/\/learningnorth.com\/terms\/","url":"https:\/\/learningnorth.com\/terms\/","name":"T\u00e9rminos y Condiciones Generales de Uso - Learning North","isPartOf":{"@id":"https:\/\/learningnorth.com\/#website"},"datePublished":"2024-04-15T19:18:16+00:00","dateModified":"2024-04-15T19:18:18+00:00","breadcrumb":{"@id":"https:\/\/learningnorth.com\/terms\/#breadcrumb"},"inLanguage":"en-US","potentialAction":[{"@type":"ReadAction","target":["https:\/\/learningnorth.com\/terms\/"]}]},{"@type":"BreadcrumbList","@id":"https:\/\/learningnorth.com\/terms\/#breadcrumb","itemListElement":[{"@type":"ListItem","position":1,"name":"Home","item":"https:\/\/learningnorth.com\/"},{"@type":"ListItem","position":2,"name":"T\u00e9rminos y Condiciones Generales de Uso"}]},{"@type":"WebSite","@id":"https:\/\/learningnorth.com\/#website","url":"https:\/\/learningnorth.com\/","name":"Learning North","description":"","potentialAction":[{"@type":"SearchAction","target":{"@type":"EntryPoint","urlTemplate":"https:\/\/learningnorth.com\/?s={search_term_string}"},"query-input":"required name=search_term_string"}],"inLanguage":"en-US"}]}},"_links":{"self":[{"href":"https:\/\/learningnorth.com\/en\/wp-json\/wp\/v2\/pages\/235"}],"collection":[{"href":"https:\/\/learningnorth.com\/en\/wp-json\/wp\/v2\/pages"}],"about":[{"href":"https:\/\/learningnorth.com\/en\/wp-json\/wp\/v2\/types\/page"}],"author":[{"embeddable":true,"href":"https:\/\/learningnorth.com\/en\/wp-json\/wp\/v2\/users\/9"}],"replies":[{"embeddable":true,"href":"https:\/\/learningnorth.com\/en\/wp-json\/wp\/v2\/comments?post=235"}],"version-history":[{"count":1,"href":"https:\/\/learningnorth.com\/en\/wp-json\/wp\/v2\/pages\/235\/revisions"}],"predecessor-version":[{"id":236,"href":"https:\/\/learningnorth.com\/en\/wp-json\/wp\/v2\/pages\/235\/revisions\/236"}],"wp:attachment":[{"href":"https:\/\/learningnorth.com\/en\/wp-json\/wp\/v2\/media?parent=235"}],"curies":[{"name":"wp","href":"https:\/\/api.w.org\/{rel}","templated":true}]}}