{"id":235,"date":"2024-04-15T19:18:16","date_gmt":"2024-04-15T19:18:16","guid":{"rendered":"https:\/\/learningnorth.com\/?page_id=235"},"modified":"2024-04-15T19:18:18","modified_gmt":"2024-04-15T19:18:18","slug":"terms","status":"publish","type":"page","link":"https:\/\/learningnorth.com\/es\/terms\/","title":{"rendered":"Condiciones generales de uso"},"content":{"rendered":"<div class=\"mx-5 sm:mx-0 prose leading-relaxed text-lg mb-5 text-left wp-paragraph\">\n<p>Bienvenido a learningnorth.com, sitio web (\u201cSitio\u201d) con sede en Keemia 4, Tallin, Estonia.<\/p>\n<\/div><div class=\"mx-5 sm:mx-0 prose leading-relaxed text-lg mb-5 text-left wp-paragraph\">\n<p>Learning North es un sitio web especializado en la creaci\u00f3n de contenidos relacionados con la educaci\u00f3n y cursos en l\u00ednea.<\/p>\n<\/div><div class=\"mx-5 sm:mx-0 prose leading-relaxed text-lg mb-5 text-left wp-paragraph\">\n<p>Al utilizar este Sitio, usted acepta los T\u00e9rminos y Condiciones Generales de Uso descritos en este documento.<\/p>\n<\/div><!--advertisement--><div class=\"mx-5 sm:mx-0 sm:text-3xl text-2xl font-medium title-font mb-4 text-gray-900 text-left\">\n<h2 class=\"wp-block-heading\" id=\"h-informaciones-importantes\">INFORMACI\u00d3N IMPORTANTE<\/h2>\n<\/div><div class=\"mx-5 sm:mx-0 prose leading-relaxed text-lg mb-5 text-left wp-paragraph\">\n<p>Aprendiendo Norte NO INTERFIERE en ning\u00fan proceso que involucre el an\u00e1lisis y\/o aprobaci\u00f3n del cr\u00e9dito de nuestros clientes o socios, por lo que la decisi\u00f3n final de realizar un negocio, otorgar cr\u00e9dito u oferta es siempre de ellos, de acuerdo a sus propios criterios y pol\u00edticas de cr\u00e9dito y riesgo.<\/p>\n<\/div><div class=\"mx-5 sm:mx-0 prose leading-relaxed text-lg mb-5 text-left wp-paragraph\">\n<p>Learning North NO ENV\u00cdA NI SOLICITA, bajo ninguna circunstancia, dinero para la liberaci\u00f3n de ning\u00fan tipo de producto financiero, sin tarjeta de cr\u00e9dito, financiamiento o pr\u00e9stamo. Si esto sucede, por favor, rep\u00f3rtelo de inmediato utilizando la informaci\u00f3n de contacto proporcionada en este documento.<\/p>\n<\/div><div class=\"mx-5 sm:mx-0 prose leading-relaxed text-lg mb-5 text-left wp-paragraph\">\n<p>Learning North no env\u00eda correos electr\u00f3nicos a los usuarios solicitando confirmaci\u00f3n de datos o registro con archivos ejecutables adicionales (por ejemplo, extensiones .exe, .com, .scr, .zip, .rar) ni enlaces para realizar descargas. Si esto ocurre, por favor, inf\u00f3rmelo inmediatamente utilizando la informaci\u00f3n de contacto proporcionada en este documento.<\/p>\n<\/div><div class=\"mx-5 sm:mx-0 prose leading-relaxed text-lg mb-5 text-left wp-paragraph\">\n<p>Learning North NO OFRECE ning\u00fan tipo de consultor\u00eda ni asesoramiento financiero, legal o contable. La informaci\u00f3n disponible en el Sitio tiene una funci\u00f3n meramente informativa y debe ser utilizada por el usuario bajo su propia responsabilidad. Esta informaci\u00f3n no debe interpretarse como asesoramiento de inversi\u00f3n, planificaci\u00f3n financiera, asesoramiento legal o contable.<\/p>\n<\/div><div class=\"mx-5 sm:mx-0 prose leading-relaxed text-lg mb-5 text-left wp-paragraph\">\n<p>Learning North no puede garantizar la total exactitud, calidad e integridad de la informaci\u00f3n contenida en sus art\u00edculos y no se responsabiliza de las decisiones que tome el usuario bas\u00e1ndose en los art\u00edculos y la informaci\u00f3n del Sitio. Tambi\u00e9n garantizamos que la informaci\u00f3n del Sitio se aplica por igual a la realidad individual de cada Usuario. El Usuario se declara responsable y consciente de que debe verificar la informaci\u00f3n presentada en el Sitio siempre que la utilice para cualquier prop\u00f3sito.<\/p>\n<\/div><!--advertisement--><div class=\"mx-5 sm:mx-0 sm:text-3xl text-2xl font-medium title-font mb-4 text-gray-900 text-left\">\n<h2 class=\"wp-block-heading\" id=\"h-aceptacion\">ACEPTACI\u00d3N<\/h2>\n<\/div><div class=\"mx-5 sm:mx-0 prose leading-relaxed text-lg mb-5 text-left wp-paragraph\">\n<p>El Usuario, al acceder a Learning North, ACEPTA respetar las Condiciones Generales de Uso y las <a style=\" color:;\" href=\"https:\/\/learningnorth.com\/es\/privacy\/\">pol\u00edtica de privacidad<\/a> de Aprendiendo Norte.<\/p>\n<\/div><div class=\"mx-5 sm:mx-0 prose leading-relaxed text-lg mb-5 text-left wp-paragraph\">\n<p>Al acceder y utilizar Learning North, el Usuario declara tener al menos 18 (dieciocho) a\u00f1os y aceptar plena y expresamente los t\u00e9rminos y condiciones de estos T\u00e9rminos y Condiciones de Uso para todos los efectos legales.<\/p>\n<\/div><div class=\"mx-5 sm:mx-0 prose leading-relaxed text-lg mb-5 text-left wp-paragraph\">\n<p>Si el Usuario no se ajusta a la descripci\u00f3n anterior y\/o no cumple, incluso parcialmente, con los t\u00e9rminos y condiciones contenidos en estos T\u00e9rminos y Condiciones de Uso, no podr\u00e1 acceder y\/o utilizar los servicios ofrecidos por Learning North, as\u00ed como los sitios web y servicios operados por \u00e9ste.<\/p>\n<\/div><!--advertisement--><div class=\"mx-5 sm:mx-0 sm:text-3xl text-2xl font-medium title-font mb-4 text-gray-900 text-left\">\n<h2 class=\"wp-block-heading\" id=\"h-contacto\">CONTACTO<\/h2>\n<\/div><div class=\"mx-5 sm:mx-0 prose leading-relaxed text-lg mb-5 text-left wp-paragraph\">\n<p>El Usuario tiene este servicio disponible para responder a todas sus preguntas, solucionar cualquier problema y presentar cualquier consulta u otra informaci\u00f3n sobre productos\/servicios disponibles en Learning North.<\/p>\n<\/div><div class=\"mx-5 sm:mx-0 prose leading-relaxed text-lg mb-5 text-left wp-paragraph\">\n<p>El contacto se puede realizar mediante el formulario que aparece en <a style=\" color:;\" href=\"https:\/\/learningnorth.com\/es\/contact\/\">https:\/\/learningnorth.com\/contact\/<\/a><\/p>\n<\/div><!--advertisement--><div class=\"mx-5 sm:mx-0 sm:text-3xl text-2xl font-medium title-font mb-4 text-gray-900 text-left\">\n<h2 class=\"wp-block-heading\" id=\"h-responsabilidades-de-las-partes\">RESPONSABILIDADES DE LAS PARTES<\/h2>\n<\/div><div class=\"mx-5 sm:mx-0 prose leading-relaxed text-lg mb-5 text-left wp-paragraph\">\n<p>Learning North proporciona enlaces y\/o redirecciona al Usuario a otros sitios web, donde el Usuario puede contratar servicios y\/o adquirir productos de las respectivas empresas, sin ning\u00fan tipo de interferencia por parte de Learning North.<\/p>\n<\/div><div class=\"mx-5 sm:mx-0 prose leading-relaxed text-lg mb-5 text-left wp-paragraph\">\n<p>Si el Usuario es dirigido a la p\u00e1gina web de la empresa anunciada en el sitio web, el Usuario deber\u00e1 leer atentamente y aceptar expresamente los t\u00e9rminos y condiciones de uso y la pol\u00edtica de privacidad de la empresa anunciada.<\/p>\n<\/div><div class=\"mx-5 sm:mx-0 prose leading-relaxed text-lg mb-5 text-left wp-paragraph\">\n<p>Learning North no es responsable de: (a) los t\u00e9rminos de uso y la pol\u00edtica de privacidad de las empresas anunciadas; (b) sobre la informaci\u00f3n sobre los servicios y\/o productos anunciados; (c) sobre los servicios y\/o productos que puedan ofrecerse y\/o contratarse con las empresas anunciadas.<\/p>\n<\/div><div class=\"mx-5 sm:mx-0 prose leading-relaxed text-lg mb-5 text-left wp-paragraph\">\n<p>Learning North no se responsabiliza de ning\u00fan virus, malware, spyware, troyano ni ning\u00fan software que pueda da\u00f1ar o modificar la configuraci\u00f3n del equipo del Usuario como resultado de la navegaci\u00f3n o el uso de internet, o de la transferencia de datos, textos, im\u00e1genes, archivos o audios. Es responsabilidad del Usuario usar internet con precauci\u00f3n para evitar que software malicioso infecte su ordenador, por ejemplo, manteniendo el sistema operativo actualizado y utilizando programas antivirus.<\/p>\n<\/div><div class=\"mx-5 sm:mx-0 prose leading-relaxed text-lg mb-5 text-left wp-paragraph\">\n<p>Learning North no es responsable por p\u00e9rdidas y da\u00f1os resultantes del uso irregular del sitio web de Learning North y\/o casos fortuitos y\/o de fuerza mayor.<\/p>\n<\/div><div class=\"mx-5 sm:mx-0 prose leading-relaxed text-lg mb-5 text-left wp-paragraph\">\n<p>Sin perjuicio de lo dispuesto en las dem\u00e1s disposiciones de las presentes Condiciones de Uso, el Usuario queda obligado a:<\/p>\n<\/div><div class=\"mx-5 sm:mx-0 prose leading-relaxed text-lg mb-5 text-left wp-paragraph\">\n<p>(a) No violar ning\u00fan derecho de terceros al utilizar Learning North;<\/p>\n<\/div><div class=\"mx-5 sm:mx-0 prose leading-relaxed text-lg mb-5 text-left wp-paragraph\">\n<p>(b) No utilizar Learning North con el prop\u00f3sito de monitorear o acosar a terceros;<\/p>\n<\/div><div class=\"mx-5 sm:mx-0 prose leading-relaxed text-lg mb-5 text-left wp-paragraph\">\n<p>(c) No participar en actividades fraudulentas, ilegales, deshonestas o inapropiadas mientras utiliza el sitio web de Learning North; y<\/p>\n<\/div><div class=\"mx-5 sm:mx-0 prose leading-relaxed text-lg mb-5 text-left wp-paragraph\">\n<p>(d) Respetar las condiciones establecidas en las presentes Condiciones Generales de Uso y en la Pol\u00edtica de Privacidad, as\u00ed como la legislaci\u00f3n espa\u00f1ola vigente;<\/p>\n<\/div><!--advertisement--><div class=\"mx-5 sm:mx-0 sm:text-3xl text-2xl font-medium title-font mb-4 text-gray-900 text-left\">\n<h2 class=\"wp-block-heading\" id=\"h-datos-y-privacidad\">DATOS Y PRIVACIDAD<\/h2>\n<\/div><div class=\"mx-5 sm:mx-0 prose leading-relaxed text-lg mb-5 text-left wp-paragraph\">\n<p>El uso del sitio web onestopcourse.com puede resultar en la transferencia de sus datos personales a Learning North. Al utilizar nuestro sitio web, declara comprender nuestra Pol\u00edtica de Privacidad, disponible en <a style=\" color:;\" href=\"https:\/\/learningnorth.com\/es\/privacy\/\">https:\/\/learningnorth.com\/privacy\/<\/a>, as\u00ed como la legislaci\u00f3n vigente.<\/p>\n<\/div><!--advertisement--><div class=\"mx-5 sm:mx-0 sm:text-3xl text-2xl font-medium title-font mb-4 text-gray-900 text-left\">\n<h2 class=\"wp-block-heading\" id=\"h-contenido-y-propiedad-intelectual\">CONTENIDO Y PROPIEDAD INTELECTUAL<\/h2>\n<\/div><div class=\"mx-5 sm:mx-0 prose leading-relaxed text-lg mb-5 text-left wp-paragraph\">\n<p>Learning North posee los derechos de propiedad intelectual de todo el material del sitio web onestopcourse.com. El Usuario no puede reproducir, duplicar, copiar, vender, alquilar, subarrendar, traducir ni distribuir los materiales y contenidos del sitio web, ni crear derivados del contenido para crear otros sitios web o materiales educativos, de capacitaci\u00f3n o de referencia.<\/p>\n<\/div><div class=\"mx-5 sm:mx-0 prose leading-relaxed text-lg mb-5 text-left wp-paragraph\">\n<p>El Usuario no puede usar iFrames para incluir contenido de este Sitio en otros lugares. Sin embargo, Learning North permite y promueve el intercambio de enlaces al contenido del Sitio.<\/p>\n<\/div><div class=\"mx-5 sm:mx-0 prose leading-relaxed text-lg mb-5 text-left wp-paragraph\">\n<p>El uso del Sitio por parte del Usuario y de la informaci\u00f3n contenida en el mismo est\u00e1 restringido a fines personales y no comerciales.<\/p>\n<\/div><!--advertisement--><div class=\"mx-5 sm:mx-0 sm:text-3xl text-2xl font-medium title-font mb-4 text-gray-900 text-left\">\n<h2 class=\"wp-block-heading\" id=\"h-sitio-web-y-servicios\">SITIO WEB Y SERVICIOS<\/h2>\n<\/div><div class=\"mx-5 sm:mx-0 prose leading-relaxed text-lg mb-5 text-left wp-paragraph\">\n<p>No podemos garantizar que el acceso al Sitio, su uso, ser\u00e1 ininterrumpido o libre de errores, y Learning North no ser\u00e1 responsable si alguna secci\u00f3n del Sitio no est\u00e1 disponible.<\/p>\n<\/div><div class=\"mx-5 sm:mx-0 prose leading-relaxed text-lg mb-5 text-left wp-paragraph\">\n<p>El Sitio, su contenido y funciones pueden ser modificados o descontinuados en cualquier momento por Learning North, sin justificaci\u00f3n o previo aviso.<\/p>\n<\/div><div class=\"mx-5 sm:mx-0 prose leading-relaxed text-lg mb-5 text-left wp-paragraph\">\n<p>Learning North no es responsable si el sistema, el equipo de conexi\u00f3n a Internet del usuario es insuficiente para el uso del Sitio.<\/p>\n<\/div><!--advertisement--><div class=\"mx-5 sm:mx-0 sm:text-3xl text-2xl font-medium title-font mb-4 text-gray-900 text-left\">\n<h2 class=\"wp-block-heading\" id=\"h-publicidad-en-el-sitio\">PUBLICIDAD EN EL SITIO<\/h2>\n<\/div><div class=\"mx-5 sm:mx-0 prose leading-relaxed text-lg mb-5 text-left wp-paragraph\">\n<p>Aunque nos asociamos exclusivamente con empresas de alta calidad, Learning North no se responsabiliza de los productos y servicios que ofrecen las empresas que se anuncian en nuestro sitio web y que recomendamos a trav\u00e9s de nuestro contenido. Por lo tanto, Learning North no participa ni se responsabiliza de ning\u00fan compromiso comercial, intercambio de datos personales ni ninguna otra forma de interacci\u00f3n entre el Usuario y las empresas cuya marca aparece en nuestro sitio web, se anuncia o se menciona en nuestro contenido.<\/p>\n<\/div><!--advertisement--><div class=\"mx-5 sm:mx-0 sm:text-3xl text-2xl font-medium title-font mb-4 text-gray-900 text-left\">\n<h2 class=\"wp-block-heading\" id=\"h-modificacion-de-terminos-y-condiciones\">MODIFICACI\u00d3N DE T\u00c9RMINOS Y CONDICIONES<\/h2>\n<\/div><div class=\"mx-5 sm:mx-0 prose leading-relaxed text-lg mb-5 text-left wp-paragraph\">\n<p>Las Condiciones Generales de Uso de Learning North pueden modificarse, complementarse o sustituirse en cualquier momento. En ese caso, la versi\u00f3n actualizada estar\u00e1 disponible en esta p\u00e1gina, junto con la \u00faltima revisi\u00f3n.<\/p>\n<\/div><div class=\"mx-5 sm:mx-0 prose leading-relaxed text-lg mb-5 text-left wp-paragraph\">\n<p>Animamos al Usuario a mantenerse actualizado sobre nuestros t\u00e9rminos a trav\u00e9s de esta direcci\u00f3n: <a style=\" color:;\" href=\"https:\/\/learningnorth.com\/es\/terms\/\">https:\/\/learningnorth.com\/terms<\/a>.<\/p>\n<\/div><div class=\"mx-5 sm:mx-0 prose leading-relaxed text-lg mb-5 text-left wp-paragraph\">\n<p>Si se produce alg\u00fan cambio significativo en estos T\u00e9rminos y Condiciones Generales de Uso, Learning North podr\u00e1 notificarlo al Usuario, siempre que tengamos su informaci\u00f3n de contacto en nuestras bases de datos.<\/p>\n<\/div><!--advertisement--><div class=\"mx-5 sm:mx-0 sm:text-3xl text-2xl font-medium title-font mb-4 text-gray-900 text-left\">\n<h2 class=\"wp-block-heading\" id=\"h-plazo-de-vigencia-y-extincion-de-los-terminos-y-condiciones\">DURACI\u00d3N Y EXTINCI\u00d3N DE LAS TERMINACIONES Y CONDICIONES.<\/h2>\n<\/div><div class=\"mx-5 sm:mx-0 prose leading-relaxed text-lg mb-5 text-left wp-paragraph\">\n<p>Las presentes Condiciones Generales de Uso tendr\u00e1n una vigencia temporal indefinida y cualquier reclamaci\u00f3n judicial o administrativa que derive de la utilizaci\u00f3n de Learning North objeto de las presentes Condiciones Generales de Uso o de las mismas ser\u00e1 de su exclusiva responsabilidad. <a style=\" color:;\" href=\"https:\/\/onestopcourse.com\/privacy\/\">Pol\u00edtica de <\/a><a style=\" color:;\" href=\"https:\/\/learningnorth.com\/es\/privacy\/\">Privacidad<\/a> Deber\u00e1 proponerse dentro de los 90 (noventa) d\u00edas siguientes al hecho que los provoc\u00f3.<\/p>\n<\/div><!--advertisement--><div class=\"mx-5 sm:mx-0 sm:text-3xl text-2xl font-medium title-font mb-4 text-gray-900 text-left\">\n<h2 class=\"wp-block-heading\" id=\"h-legislacion-y-jurisdiccion-de-eleccion\">LEGISLACI\u00d3N Y JURISDICCI\u00d3N DE ELECCI\u00d3N<\/h2>\n<\/div><div class=\"mx-5 sm:mx-0 prose leading-relaxed text-lg mb-5 text-left wp-paragraph\">\n<p>Todas las cuestiones relativas a la interpretaci\u00f3n, cumplimiento o cualquier otra cuesti\u00f3n relacionada con las presentes Condiciones Generales de Uso y <a style=\" color:;\" href=\"https:\/\/learningnorth.com\/es\/privacy\/\">pol\u00edtica de privacidad<\/a>, las partes se someten expresamente a la C\u00e1mara de Comercio de Tallin, Estonia (El Tribunal de Arbitraje de la C\u00e1mara de Comercio e Industria de Estonia), para resolver todas y cada una de las dudas, cuestiones o conflictos que surjan de este tribunal.<\/p>\n<\/div>","protected":false},"excerpt":{"rendered":"<p>Bienvenido a learningnorth.com, sitio web (el &quot;Sitio&quot;) con sede en Keemia 4, Tallin, Estonia. Learning North es un sitio web especializado en la creaci\u00f3n de contenido relacionado con la educaci\u00f3n y los cursos en l\u00ednea. Al utilizar este Sitio, acepta los T\u00e9rminos y Condiciones Generales de Uso descritos en este documento. INFORMACI\u00d3N IMPORTANTE: Learning North NO INTERFIERE\u2026 <a class=\"more-link\" href=\"https:\/\/learningnorth.com\/es\/terms\/\">Sigue leyendo <span class=\"screen-reader-text\">Condiciones generales de uso<\/span><\/a><\/p>","protected":false},"author":9,"featured_media":0,"parent":0,"menu_order":0,"comment_status":"closed","ping_status":"closed","template":"","meta":{"footnotes":""},"yoast_head":"<!-- This site is optimized with the Yoast SEO plugin v23.3 - https:\/\/yoast.com\/wordpress\/plugins\/seo\/ -->\n<title>T\u00e9rminos y Condiciones Generales de Uso - Learning North<\/title>\n<meta name=\"robots\" content=\"index, follow, max-snippet:-1, max-image-preview:large, max-video-preview:-1\" \/>\n<link rel=\"canonical\" href=\"https:\/\/learningnorth.com\/es\/terms\/\" \/>\n<meta property=\"og:locale\" content=\"es_ES\" \/>\n<meta property=\"og:type\" content=\"article\" \/>\n<meta property=\"og:title\" content=\"T\u00e9rminos y Condiciones Generales de Uso - Learning North\" \/>\n<meta property=\"og:description\" content=\"Bienvenido a learningnorth.com, sitio web (&#8220;Sitio&#8221;) con sede en Keemia 4, Tallin, Estonia. Learning North es un sitio web especializado en la creaci\u00f3n de contenidos relacionados a la educaci\u00f3n y cursos en l\u00ednea. Al utilizar este Sitio, acepta los T\u00e9rminos y Condiciones Generales de Uso descritos en este documento. INFORMACIONES IMPORTANTES Learning North NO INTERFIERE&hellip; Continue reading T\u00e9rminos y Condiciones Generales de Uso\" \/>\n<meta property=\"og:url\" content=\"https:\/\/learningnorth.com\/es\/terms\/\" \/>\n<meta property=\"og:site_name\" content=\"Learning North\" \/>\n<meta property=\"article:modified_time\" content=\"2024-04-15T19:18:18+00:00\" \/>\n<meta name=\"twitter:card\" content=\"summary_large_image\" \/>\n<meta name=\"twitter:label1\" content=\"Est. reading time\" \/>\n\t<meta name=\"twitter:data1\" content=\"7 minutos\" \/>\n<script type=\"application\/ld+json\" class=\"yoast-schema-graph\">{\"@context\":\"https:\/\/schema.org\",\"@graph\":[{\"@type\":\"WebPage\",\"@id\":\"https:\/\/learningnorth.com\/terms\/\",\"url\":\"https:\/\/learningnorth.com\/terms\/\",\"name\":\"T\u00e9rminos y Condiciones Generales de Uso - Learning North\",\"isPartOf\":{\"@id\":\"https:\/\/learningnorth.com\/#website\"},\"datePublished\":\"2024-04-15T19:18:16+00:00\",\"dateModified\":\"2024-04-15T19:18:18+00:00\",\"breadcrumb\":{\"@id\":\"https:\/\/learningnorth.com\/terms\/#breadcrumb\"},\"inLanguage\":\"es\",\"potentialAction\":[{\"@type\":\"ReadAction\",\"target\":[\"https:\/\/learningnorth.com\/terms\/\"]}]},{\"@type\":\"BreadcrumbList\",\"@id\":\"https:\/\/learningnorth.com\/terms\/#breadcrumb\",\"itemListElement\":[{\"@type\":\"ListItem\",\"position\":1,\"name\":\"Home\",\"item\":\"https:\/\/learningnorth.com\/\"},{\"@type\":\"ListItem\",\"position\":2,\"name\":\"T\u00e9rminos y Condiciones Generales de Uso\"}]},{\"@type\":\"WebSite\",\"@id\":\"https:\/\/learningnorth.com\/#website\",\"url\":\"https:\/\/learningnorth.com\/\",\"name\":\"Learning North\",\"description\":\"\",\"potentialAction\":[{\"@type\":\"SearchAction\",\"target\":{\"@type\":\"EntryPoint\",\"urlTemplate\":\"https:\/\/learningnorth.com\/?s={search_term_string}\"},\"query-input\":\"required name=search_term_string\"}],\"inLanguage\":\"es\"}]}<\/script>\n<!-- \/ Yoast SEO plugin. -->","yoast_head_json":{"title":"T\u00e9rminos y Condiciones Generales de Uso - Learning North","robots":{"index":"index","follow":"follow","max-snippet":"max-snippet:-1","max-image-preview":"max-image-preview:large","max-video-preview":"max-video-preview:-1"},"canonical":"https:\/\/learningnorth.com\/es\/terms\/","og_locale":"es_ES","og_type":"article","og_title":"T\u00e9rminos y Condiciones Generales de Uso - Learning North","og_description":"Bienvenido a learningnorth.com, sitio web (&#8220;Sitio&#8221;) con sede en Keemia 4, Tallin, Estonia. Learning North es un sitio web especializado en la creaci\u00f3n de contenidos relacionados a la educaci\u00f3n y cursos en l\u00ednea. Al utilizar este Sitio, acepta los T\u00e9rminos y Condiciones Generales de Uso descritos en este documento. INFORMACIONES IMPORTANTES Learning North NO INTERFIERE&hellip; Continue reading T\u00e9rminos y Condiciones Generales de Uso","og_url":"https:\/\/learningnorth.com\/es\/terms\/","og_site_name":"Learning North","article_modified_time":"2024-04-15T19:18:18+00:00","twitter_card":"summary_large_image","twitter_misc":{"Est. reading time":"7 minutos"},"schema":{"@context":"https:\/\/schema.org","@graph":[{"@type":"WebPage","@id":"https:\/\/learningnorth.com\/terms\/","url":"https:\/\/learningnorth.com\/terms\/","name":"T\u00e9rminos y Condiciones Generales de Uso - Learning North","isPartOf":{"@id":"https:\/\/learningnorth.com\/#website"},"datePublished":"2024-04-15T19:18:16+00:00","dateModified":"2024-04-15T19:18:18+00:00","breadcrumb":{"@id":"https:\/\/learningnorth.com\/terms\/#breadcrumb"},"inLanguage":"es","potentialAction":[{"@type":"ReadAction","target":["https:\/\/learningnorth.com\/terms\/"]}]},{"@type":"BreadcrumbList","@id":"https:\/\/learningnorth.com\/terms\/#breadcrumb","itemListElement":[{"@type":"ListItem","position":1,"name":"Home","item":"https:\/\/learningnorth.com\/"},{"@type":"ListItem","position":2,"name":"T\u00e9rminos y Condiciones Generales de Uso"}]},{"@type":"WebSite","@id":"https:\/\/learningnorth.com\/#website","url":"https:\/\/learningnorth.com\/","name":"Learning North","description":"","potentialAction":[{"@type":"SearchAction","target":{"@type":"EntryPoint","urlTemplate":"https:\/\/learningnorth.com\/?s={search_term_string}"},"query-input":"required name=search_term_string"}],"inLanguage":"es"}]}},"_links":{"self":[{"href":"https:\/\/learningnorth.com\/es\/wp-json\/wp\/v2\/pages\/235"}],"collection":[{"href":"https:\/\/learningnorth.com\/es\/wp-json\/wp\/v2\/pages"}],"about":[{"href":"https:\/\/learningnorth.com\/es\/wp-json\/wp\/v2\/types\/page"}],"author":[{"embeddable":true,"href":"https:\/\/learningnorth.com\/es\/wp-json\/wp\/v2\/users\/9"}],"replies":[{"embeddable":true,"href":"https:\/\/learningnorth.com\/es\/wp-json\/wp\/v2\/comments?post=235"}],"version-history":[{"count":1,"href":"https:\/\/learningnorth.com\/es\/wp-json\/wp\/v2\/pages\/235\/revisions"}],"predecessor-version":[{"id":236,"href":"https:\/\/learningnorth.com\/es\/wp-json\/wp\/v2\/pages\/235\/revisions\/236"}],"wp:attachment":[{"href":"https:\/\/learningnorth.com\/es\/wp-json\/wp\/v2\/media?parent=235"}],"curies":[{"name":"wp","href":"https:\/\/api.w.org\/{rel}","templated":true}]}}