{"id":202,"date":"2024-04-15T19:03:41","date_gmt":"2024-04-15T19:03:41","guid":{"rendered":"https:\/\/learningnorth.com\/?page_id=202"},"modified":"2024-04-15T19:03:53","modified_gmt":"2024-04-15T19:03:53","slug":"about","status":"publish","type":"page","link":"https:\/\/learningnorth.com\/pl\/about\/","title":{"rendered":"Kim jeste\u015bmy"},"content":{"rendered":"<!--advertisement--><div class=\"mx-5 sm:mx-0 sm:text-3xl text-2xl font-medium title-font mb-4 text-gray-900 text-left\">\n<h2 class=\"wp-block-heading\" id=\"h-que-quieres-aprender-hoy\">Czego chcesz si\u0119 dzi\u015b nauczy\u0107?<\/h2>\n<\/div><div class=\"mx-5 sm:mx-0 prose leading-relaxed text-lg mb-5 text-left wp-paragraph\">\n<p>W Learning North chcemy pom\u00f3c Ci rozwija\u0107 si\u0119 w r\u00f3\u017cnych aspektach Twojego \u017cycia, od zwi\u0119kszania produktywno\u015bci po rozwijanie nowych umiej\u0119tno\u015bci techniczno-zawodowych. Wierzymy, \u017ce najlepsze kontynuacje, w po\u0142\u0105czeniu z determinacj\u0105 i wytrwa\u0142o\u015bci\u0105, s\u0105 sekretem sukcesu i sensownego \u017cycia. Nie wierzymy w \u201esuerte\u201d.<\/p>\n<\/div><!--advertisement--><div class=\"mx-5 sm:mx-0 sm:text-3xl text-2xl font-medium title-font mb-4 text-gray-900 text-left\">\n<h2 class=\"wp-block-heading\" id=\"h-quienes-somos\">Kim jeste\u015bmy?<\/h2>\n<\/div><div class=\"mx-5 sm:mx-0 prose leading-relaxed text-lg mb-5 text-left wp-paragraph\">\n<p>Learning North to firma zajmuj\u0105ca si\u0119 tre\u015bciami i edukacj\u0105. Nasz\u0105 misj\u0105 jest sta\u0142e oferowanie najlepszych tre\u015bci edukacyjnych, niezale\u017cnie od tego, gdzie si\u0119 znajduj\u0105. Chcemy by\u0107 Twoim partnerem w poszukiwaniu samorozwoju.<\/p>\n<\/div><!--advertisement--><div class=\"mx-5 sm:mx-0 sm:text-3xl text-2xl font-medium title-font mb-4 text-gray-900 text-left\">\n<h2 class=\"wp-block-heading\" id=\"h-ayudanos-a-mejorar\">Pom\u00f3\u017c nam si\u0119 ulepszy\u0107<\/h2>\n<\/div><div class=\"mx-5 sm:mx-0 prose leading-relaxed text-lg mb-5 text-left wp-paragraph\">\n<p>Twoje pomys\u0142y s\u0105 mile widziane. Wy\u015blij nam wiadomo\u015b\u0107!<\/p>\n<\/div>","protected":false},"excerpt":{"rendered":"<p>Czego chcesz si\u0119 dzi\u015b nauczy\u0107? W Learning North chcemy pom\u00f3c Ci rozwija\u0107 si\u0119 w r\u00f3\u017cnych aspektach \u017cycia, od zwi\u0119kszenia produktywno\u015bci po rozwijanie nowych umiej\u0119tno\u015bci techniczno-zawodowych. Wierzymy, \u017ce najlepsze kontynuacje, w po\u0142\u0105czeniu z determinacj\u0105 i wytrwa\u0142o\u015bci\u0105, s\u0105 sekretem sukcesu i sensownego \u017cycia. Nie wierzymy w to\u2026 <a class=\"more-link\" href=\"https:\/\/learningnorth.com\/pl\/about\/\">Czytaj dalej <span class=\"screen-reader-text\">Kim jeste\u015bmy<\/span><\/a><\/p>","protected":false},"author":9,"featured_media":0,"parent":0,"menu_order":0,"comment_status":"closed","ping_status":"closed","template":"","meta":{"footnotes":""},"yoast_head":"<!-- This site is optimized with the Yoast SEO plugin v23.3 - https:\/\/yoast.com\/wordpress\/plugins\/seo\/ -->\n<title>Quienes Somos - Learning North<\/title>\n<meta name=\"robots\" content=\"index, follow, max-snippet:-1, max-image-preview:large, max-video-preview:-1\" \/>\n<link rel=\"canonical\" href=\"https:\/\/learningnorth.com\/pl\/about\/\" \/>\n<meta property=\"og:locale\" content=\"pl_PL\" \/>\n<meta property=\"og:type\" content=\"article\" \/>\n<meta property=\"og:title\" content=\"Quienes Somos - Learning North\" \/>\n<meta property=\"og:description\" content=\"\u00bfQu\u00e9 quieres aprender hoy? En Learning North, queremos ayudarlo a avanzar en diferentes aspectos de su vida, desde el aumento de su productividad hasta el desarrollo de nuevas competencias t\u00e9cnico-profesionales. Creemos que la mejora continua, combinada con la determinaci\u00f3n y la perseverancia, son los secretos del \u00e9xito y una vida significativa. No creemos en la&hellip; Continue reading Quienes Somos\" \/>\n<meta property=\"og:url\" content=\"https:\/\/learningnorth.com\/pl\/about\/\" \/>\n<meta property=\"og:site_name\" content=\"Learning North\" \/>\n<meta property=\"article:modified_time\" content=\"2024-04-15T19:03:53+00:00\" \/>\n<meta name=\"twitter:card\" content=\"summary_large_image\" \/>\n<meta name=\"twitter:label1\" content=\"Est. reading time\" \/>\n\t<meta name=\"twitter:data1\" content=\"1 minuta\" \/>\n<script type=\"application\/ld+json\" class=\"yoast-schema-graph\">{\"@context\":\"https:\/\/schema.org\",\"@graph\":[{\"@type\":\"WebPage\",\"@id\":\"https:\/\/learningnorth.com\/about\/\",\"url\":\"https:\/\/learningnorth.com\/about\/\",\"name\":\"Quienes Somos - Learning North\",\"isPartOf\":{\"@id\":\"https:\/\/learningnorth.com\/#website\"},\"datePublished\":\"2024-04-15T19:03:41+00:00\",\"dateModified\":\"2024-04-15T19:03:53+00:00\",\"breadcrumb\":{\"@id\":\"https:\/\/learningnorth.com\/about\/#breadcrumb\"},\"inLanguage\":\"pl-PL\",\"potentialAction\":[{\"@type\":\"ReadAction\",\"target\":[\"https:\/\/learningnorth.com\/about\/\"]}]},{\"@type\":\"BreadcrumbList\",\"@id\":\"https:\/\/learningnorth.com\/about\/#breadcrumb\",\"itemListElement\":[{\"@type\":\"ListItem\",\"position\":1,\"name\":\"Home\",\"item\":\"https:\/\/learningnorth.com\/\"},{\"@type\":\"ListItem\",\"position\":2,\"name\":\"Quienes Somos\"}]},{\"@type\":\"WebSite\",\"@id\":\"https:\/\/learningnorth.com\/#website\",\"url\":\"https:\/\/learningnorth.com\/\",\"name\":\"Learning North\",\"description\":\"\",\"potentialAction\":[{\"@type\":\"SearchAction\",\"target\":{\"@type\":\"EntryPoint\",\"urlTemplate\":\"https:\/\/learningnorth.com\/?s={search_term_string}\"},\"query-input\":\"required name=search_term_string\"}],\"inLanguage\":\"pl-PL\"}]}<\/script>\n<!-- \/ Yoast SEO plugin. -->","yoast_head_json":{"title":"Quienes Somos - Learning North","robots":{"index":"index","follow":"follow","max-snippet":"max-snippet:-1","max-image-preview":"max-image-preview:large","max-video-preview":"max-video-preview:-1"},"canonical":"https:\/\/learningnorth.com\/pl\/about\/","og_locale":"pl_PL","og_type":"article","og_title":"Quienes Somos - Learning North","og_description":"\u00bfQu\u00e9 quieres aprender hoy? En Learning North, queremos ayudarlo a avanzar en diferentes aspectos de su vida, desde el aumento de su productividad hasta el desarrollo de nuevas competencias t\u00e9cnico-profesionales. Creemos que la mejora continua, combinada con la determinaci\u00f3n y la perseverancia, son los secretos del \u00e9xito y una vida significativa. No creemos en la&hellip; Continue reading Quienes Somos","og_url":"https:\/\/learningnorth.com\/pl\/about\/","og_site_name":"Learning North","article_modified_time":"2024-04-15T19:03:53+00:00","twitter_card":"summary_large_image","twitter_misc":{"Est. reading time":"1 minuta"},"schema":{"@context":"https:\/\/schema.org","@graph":[{"@type":"WebPage","@id":"https:\/\/learningnorth.com\/about\/","url":"https:\/\/learningnorth.com\/about\/","name":"Quienes Somos - Learning North","isPartOf":{"@id":"https:\/\/learningnorth.com\/#website"},"datePublished":"2024-04-15T19:03:41+00:00","dateModified":"2024-04-15T19:03:53+00:00","breadcrumb":{"@id":"https:\/\/learningnorth.com\/about\/#breadcrumb"},"inLanguage":"pl-PL","potentialAction":[{"@type":"ReadAction","target":["https:\/\/learningnorth.com\/about\/"]}]},{"@type":"BreadcrumbList","@id":"https:\/\/learningnorth.com\/about\/#breadcrumb","itemListElement":[{"@type":"ListItem","position":1,"name":"Home","item":"https:\/\/learningnorth.com\/"},{"@type":"ListItem","position":2,"name":"Quienes Somos"}]},{"@type":"WebSite","@id":"https:\/\/learningnorth.com\/#website","url":"https:\/\/learningnorth.com\/","name":"Learning North","description":"","potentialAction":[{"@type":"SearchAction","target":{"@type":"EntryPoint","urlTemplate":"https:\/\/learningnorth.com\/?s={search_term_string}"},"query-input":"required name=search_term_string"}],"inLanguage":"pl-PL"}]}},"_links":{"self":[{"href":"https:\/\/learningnorth.com\/pl\/wp-json\/wp\/v2\/pages\/202"}],"collection":[{"href":"https:\/\/learningnorth.com\/pl\/wp-json\/wp\/v2\/pages"}],"about":[{"href":"https:\/\/learningnorth.com\/pl\/wp-json\/wp\/v2\/types\/page"}],"author":[{"embeddable":true,"href":"https:\/\/learningnorth.com\/pl\/wp-json\/wp\/v2\/users\/9"}],"replies":[{"embeddable":true,"href":"https:\/\/learningnorth.com\/pl\/wp-json\/wp\/v2\/comments?post=202"}],"version-history":[{"count":1,"href":"https:\/\/learningnorth.com\/pl\/wp-json\/wp\/v2\/pages\/202\/revisions"}],"predecessor-version":[{"id":229,"href":"https:\/\/learningnorth.com\/pl\/wp-json\/wp\/v2\/pages\/202\/revisions\/229"}],"wp:attachment":[{"href":"https:\/\/learningnorth.com\/pl\/wp-json\/wp\/v2\/media?parent=202"}],"curies":[{"name":"wp","href":"https:\/\/api.w.org\/{rel}","templated":true}]}}