{"id":235,"date":"2024-04-15T19:18:16","date_gmt":"2024-04-15T19:18:16","guid":{"rendered":"https:\/\/learningnorth.com\/?page_id=235"},"modified":"2024-04-15T19:18:18","modified_gmt":"2024-04-15T19:18:18","slug":"terms","status":"publish","type":"page","link":"https:\/\/learningnorth.com\/pl\/terms\/","title":{"rendered":"Og\u00f3lne warunki korzystania"},"content":{"rendered":"<div class=\"mx-5 sm:mx-0 prose leading-relaxed text-lg mb-5 text-left wp-paragraph\">\n<p>Witamy na stronie learningnorth.com (\u201eWitryna\u201d) z siedzib\u0105 pod adresem Keemia 4, Tallinn, Estonia.<\/p>\n<\/div><div class=\"mx-5 sm:mx-0 prose leading-relaxed text-lg mb-5 text-left wp-paragraph\">\n<p>Learning North to strona internetowa specjalizuj\u0105ca si\u0119 w tworzeniu tre\u015bci zwi\u0105zanych z edukacj\u0105 i kursami online.<\/p>\n<\/div><div class=\"mx-5 sm:mx-0 prose leading-relaxed text-lg mb-5 text-left wp-paragraph\">\n<p>Korzystaj\u0105c z tej Witryny, akceptujesz Og\u00f3lne Warunki Korzystania opisane w niniejszym dokumencie.<\/p>\n<\/div><!--advertisement--><div class=\"mx-5 sm:mx-0 sm:text-3xl text-2xl font-medium title-font mb-4 text-gray-900 text-left\">\n<h2 class=\"wp-block-heading\" id=\"h-informaciones-importantes\">WA\u017bNE INFORMACJE<\/h2>\n<\/div><div class=\"mx-5 sm:mx-0 prose leading-relaxed text-lg mb-5 text-left wp-paragraph\">\n<p>Learning North NIE INGERUJE w \u017caden proces zwi\u0105zany z analiz\u0105 i\/lub zatwierdzaniem zdolno\u015bci kredytowej naszych klient\u00f3w lub partner\u00f3w, dlatego ostateczna decyzja o prowadzeniu dzia\u0142alno\u015bci, udzieleniu kredytu lub ofercie zawsze nale\u017cy do nich, zgodnie z w\u0142asnymi kryteriami i polityk\u0105 kredytow\u0105 i ryzyka.<\/p>\n<\/div><div class=\"mx-5 sm:mx-0 prose leading-relaxed text-lg mb-5 text-left wp-paragraph\">\n<p>Learning North NIE WYSY\u0141A, NIE \u017b\u0104DA, pod \u017cadnymi okoliczno\u015bciami, pieni\u0119dzy na uwolnienie jakiegokolwiek rodzaju produktu finansowego, bez karty kredytowej, finansowania lub po\u017cyczki. Je\u015bli tak si\u0119 stanie, zg\u0142o\u015b to natychmiast, korzystaj\u0105c z danych kontaktowych podanych w tym dokumencie.<\/p>\n<\/div><div class=\"mx-5 sm:mx-0 prose leading-relaxed text-lg mb-5 text-left wp-paragraph\">\n<p>Learning North nie wysy\u0142a do U\u017cytkownik\u00f3w wiadomo\u015bci e-mail z pro\u015bb\u0105 o potwierdzenie danych lub rejestracji z dodatkowymi plikami wykonywalnymi (na przyk\u0142ad: rozszerzenia .exe, .com, .scr, .zip, .rar) lub linkami do pobierania. Je\u015bli tak si\u0119 stanie, zg\u0142o\u015b to natychmiast, korzystaj\u0105c z danych kontaktowych podanych w tym dokumencie.<\/p>\n<\/div><div class=\"mx-5 sm:mx-0 prose leading-relaxed text-lg mb-5 text-left wp-paragraph\">\n<p>Learning North NIE OFERUJE \u017cadnego rodzaju doradztwa finansowego, prawnego lub ksi\u0119gowego. Informacje dost\u0119pne na Stronie maj\u0105 czysto informacyjn\u0105 funkcj\u0119 i musz\u0105 by\u0107 wykorzystywane przez u\u017cytkownika na jego w\u0142asn\u0105 odpowiedzialno\u015b\u0107. Informacji tych nie nale\u017cy interpretowa\u0107 jako porady inwestycyjnej, planowania finansowego, prawnej lub ksi\u0119gowej.<\/p>\n<\/div><div class=\"mx-5 sm:mx-0 prose leading-relaxed text-lg mb-5 text-left wp-paragraph\">\n<p>Learning North nie mo\u017ce zagwarantowa\u0107 ca\u0142kowitej dok\u0142adno\u015bci, jako\u015bci i integralno\u015bci informacji zawartych w swoich artyku\u0142ach i nie ponosi odpowiedzialno\u015bci za decyzje podejmowane przez u\u017cytkownika na podstawie artyku\u0142\u00f3w i informacji na Stronie. Mo\u017cemy r\u00f3wnie\u017c zagwarantowa\u0107, \u017ce informacje zawarte na Stronie odnosz\u0105 si\u0119 w r\u00f3wnym stopniu do indywidualnych reali\u00f3w ka\u017cdego U\u017cytkownika. U\u017cytkownik o\u015bwiadcza, \u017ce jest odpowiedzialny i \u015bwiadomy, \u017ce musi zweryfikowa\u0107 informacje przedstawione na Stronie, kiedykolwiek zamierza ich u\u017cy\u0107 w jakimkolwiek celu.<\/p>\n<\/div><!--advertisement--><div class=\"mx-5 sm:mx-0 sm:text-3xl text-2xl font-medium title-font mb-4 text-gray-900 text-left\">\n<h2 class=\"wp-block-heading\" id=\"h-aceptacion\">PRZYJ\u0118CIE<\/h2>\n<\/div><div class=\"mx-5 sm:mx-0 prose leading-relaxed text-lg mb-5 text-left wp-paragraph\">\n<p>U\u017cytkownik, uzyskuj\u0105c dost\u0119p do Learning North, przestrzega Og\u00f3lne Warunki Korzystania i <a style=\" color:;\" href=\"https:\/\/learningnorth.com\/pl\/privacy\/\">Polityka prywatno\u015bci<\/a> z Learning North.<\/p>\n<\/div><div class=\"mx-5 sm:mx-0 prose leading-relaxed text-lg mb-5 text-left wp-paragraph\">\n<p>Uzyskuj\u0105c dost\u0119p do serwisu Learning North i korzystaj\u0105c z niego, U\u017cytkownik o\u015bwiadcza, \u017ce ma uko\u0144czone 18 (dieciocho) lat i w pe\u0142ni oraz wyra\u017anie akceptuje postanowienia niniejszych Warunk\u00f3w korzystania dla wszystkich cel\u00f3w prawnych.<\/p>\n<\/div><div class=\"mx-5 sm:mx-0 prose leading-relaxed text-lg mb-5 text-left wp-paragraph\">\n<p>Je\u017celi U\u017cytkownik nie zastosuje si\u0119 do poprzedniego opisu i\/lub nie zastosuje si\u0119, w tym cz\u0119\u015bciowo, do warunk\u00f3w zawartych w niniejszych Warunkach korzystania, nie b\u0119dzie m\u00f3g\u0142 uzyska\u0107 dost\u0119pu i\/lub korzysta\u0107 z us\u0142ug oferowanych przez Learning North, a tak\u017ce ze stron internetowych i us\u0142ug przez ni\u0105 obs\u0142ugiwanych.<\/p>\n<\/div><!--advertisement--><div class=\"mx-5 sm:mx-0 sm:text-3xl text-2xl font-medium title-font mb-4 text-gray-900 text-left\">\n<h2 class=\"wp-block-heading\" id=\"h-contacto\">KONTAKT<\/h2>\n<\/div><div class=\"mx-5 sm:mx-0 prose leading-relaxed text-lg mb-5 text-left wp-paragraph\">\n<p>U\u017cytkownik ma dost\u0119p do tej us\u0142ugi, aby odpowiedzie\u0107 na wszystkie pytania, rozwi\u0105za\u0107 ka\u017cdy problem, przedstawi\u0107 wszelkie zapytania lub uzyska\u0107 inne informacje o produktach\/us\u0142ugach dost\u0119pnych w Learning North.<\/p>\n<\/div><div class=\"mx-5 sm:mx-0 prose leading-relaxed text-lg mb-5 text-left wp-paragraph\">\n<p>Kontakt mo\u017cliwy jest za pomoc\u0105 formularza na stronie <a style=\" color:;\" href=\"https:\/\/learningnorth.com\/pl\/contact\/\">https:\/\/learningnorth.com\/contact\/<\/a><\/p>\n<\/div><!--advertisement--><div class=\"mx-5 sm:mx-0 sm:text-3xl text-2xl font-medium title-font mb-4 text-gray-900 text-left\">\n<h2 class=\"wp-block-heading\" id=\"h-responsabilidades-de-las-partes\">ODPOWIEDZIALNO\u015a\u0106 STRON<\/h2>\n<\/div><div class=\"mx-5 sm:mx-0 prose leading-relaxed text-lg mb-5 text-left wp-paragraph\">\n<p>Learning North udost\u0119pnia linki i\/lub przekierowuje U\u017cytkownika do innych stron internetowych, na kt\u00f3rych U\u017cytkownik mo\u017ce zamawia\u0107 us\u0142ugi i\/lub kupowa\u0107 produkty od odpowiednich firm, bez jakiejkolwiek ingerencji ze strony Learning North.<\/p>\n<\/div><div class=\"mx-5 sm:mx-0 prose leading-relaxed text-lg mb-5 text-left wp-paragraph\">\n<p>Je\u017celi U\u017cytkownik zostanie przekierowany na stron\u0119 internetow\u0105 firmy reklamowanej na stronie internetowej, U\u017cytkownik zobowi\u0105zany jest uwa\u017cnie przeczyta\u0107 i wyra\u017anie zaakceptowa\u0107 warunki korzystania i polityk\u0119 prywatno\u015bci reklamowanej firmy.<\/p>\n<\/div><div class=\"mx-5 sm:mx-0 prose leading-relaxed text-lg mb-5 text-left wp-paragraph\">\n<p>Learning North nie ponosi odpowiedzialno\u015bci za: (a) warunki korzystania i polityk\u0119 prywatno\u015bci reklamowanych firm; (b) informacje o us\u0142ugach i\/lub reklamowanych produktach; (c) us\u0142ugi i\/lub produkty, kt\u00f3re mog\u0105 by\u0107 oferowane i\/lub zawierane z reklamowanymi firmami.<\/p>\n<\/div><div class=\"mx-5 sm:mx-0 prose leading-relaxed text-lg mb-5 text-left wp-paragraph\">\n<p>Learning North nie ponosi odpowiedzialno\u015bci za \u017cadne wirusy, z\u0142o\u015bliwe oprogramowanie, oprogramowanie szpieguj\u0105ce, trojany ani \u017cadne oprogramowanie, kt\u00f3re mo\u017ce uszkodzi\u0107 lub zmieni\u0107 konfiguracj\u0119 sprz\u0119tu U\u017cytkownik\u00f3w w wyniku przegl\u0105dania lub korzystania z Internetu lub w wyniku przesy\u0142ania danych, tekst\u00f3w, obraz\u00f3w, plik\u00f3w lub d\u017awi\u0119k\u00f3w. U\u017cytkownik jest odpowiedzialny za ostro\u017cne korzystanie z Internetu, aby zapobiec zainfekowaniu komputera przez z\u0142o\u015bliwe oprogramowanie, takie jak aktualizowanie systemu operacyjnego komputera i korzystanie z program\u00f3w antywirusowych.<\/p>\n<\/div><div class=\"mx-5 sm:mx-0 prose leading-relaxed text-lg mb-5 text-left wp-paragraph\">\n<p>Learning North nie ponosi odpowiedzialno\u015bci za straty i szkody powsta\u0142e na skutek nieprawid\u0142owego korzystania ze strony internetowej Learning North i\/lub zdarze\u0144 losowych i\/lub si\u0142y wy\u017cszej.<\/p>\n<\/div><div class=\"mx-5 sm:mx-0 prose leading-relaxed text-lg mb-5 text-left wp-paragraph\">\n<p>Bez uszczerbku dla pozosta\u0142ych postanowie\u0144 niniejszego Regulaminu, U\u017cytkownik zobowi\u0105zany jest do:<\/p>\n<\/div><div class=\"mx-5 sm:mx-0 prose leading-relaxed text-lg mb-5 text-left wp-paragraph\">\n<p>(a) Nie naruszaj praw os\u00f3b trzecich podczas korzystania z serwisu Learning North;<\/p>\n<\/div><div class=\"mx-5 sm:mx-0 prose leading-relaxed text-lg mb-5 text-left wp-paragraph\">\n<p>(b) Nie nale\u017cy u\u017cywa\u0107 Learning North w celu monitorowania lub n\u0119kania os\u00f3b trzecich;<\/p>\n<\/div><div class=\"mx-5 sm:mx-0 prose leading-relaxed text-lg mb-5 text-left wp-paragraph\">\n<p>(c) Nie bra\u0107 udzia\u0142u w dzia\u0142aniach oszuka\u0144czych, niezgodnych z prawem, nieuczciwych lub niew\u0142a\u015bciwych podczas korzystania ze strony internetowej Learning North;<\/p>\n<\/div><div class=\"mx-5 sm:mx-0 prose leading-relaxed text-lg mb-5 text-left wp-paragraph\">\n<p>(d) przestrzega\u0107 warunk\u00f3w okre\u015blonych w niniejszych Og\u00f3lnych Warunkach Korzystania i Polityce Prywatno\u015bci, a tak\u017ce obowi\u0105zuj\u0105cych przepis\u00f3w hiszpa\u0144skich;<\/p>\n<\/div><!--advertisement--><div class=\"mx-5 sm:mx-0 sm:text-3xl text-2xl font-medium title-font mb-4 text-gray-900 text-left\">\n<h2 class=\"wp-block-heading\" id=\"h-datos-y-privacidad\">DANE I PRYWATNO\u015a\u0106<\/h2>\n<\/div><div class=\"mx-5 sm:mx-0 prose leading-relaxed text-lg mb-5 text-left wp-paragraph\">\n<p>Korzystanie ze strony internetowej onestopcourse.com mo\u017ce skutkowa\u0107 przekazaniem danych osobowych u\u017cytkownika do Learning North. Korzystaj\u0105c z naszej strony internetowej, o\u015bwiadczasz, \u017ce rozumiesz nasz\u0105 Polityk\u0119 prywatno\u015bci, dost\u0119pn\u0105 na stronie <a style=\" color:;\" href=\"https:\/\/learningnorth.com\/pl\/privacy\/\">https:\/\/learningnorth.com\/privacy\/<\/a>oraz obowi\u0105zuj\u0105ce przepisy.<\/p>\n<\/div><!--advertisement--><div class=\"mx-5 sm:mx-0 sm:text-3xl text-2xl font-medium title-font mb-4 text-gray-900 text-left\">\n<h2 class=\"wp-block-heading\" id=\"h-contenido-y-propiedad-intelectual\">TRE\u015a\u0106 I W\u0141ASNO\u015a\u0106 INTELEKTUALNA<\/h2>\n<\/div><div class=\"mx-5 sm:mx-0 prose leading-relaxed text-lg mb-5 text-left wp-paragraph\">\n<p>Learning North posiada prawa w\u0142asno\u015bci intelektualnej do wszystkich materia\u0142\u00f3w na stronie onestopcourse.com. U\u017cytkownik nie mo\u017ce reprodukowa\u0107, duplikowa\u0107, kopiowa\u0107, sprzedawa\u0107, wynajmowa\u0107, podnajmowa\u0107, t\u0142umaczy\u0107 ani rozpowszechnia\u0107 materia\u0142\u00f3w i tre\u015bci strony internetowej, ani tworzy\u0107 pochodnych tre\u015bci w celu tworzenia innych stron internetowych lub materia\u0142\u00f3w edukacyjnych, szkoleniowych lub referencyjnych.<\/p>\n<\/div><div class=\"mx-5 sm:mx-0 prose leading-relaxed text-lg mb-5 text-left wp-paragraph\">\n<p>U\u017cytkownik nie mo\u017ce u\u017cywa\u0107 iFrames do umieszczania tre\u015bci z tej Witryny w innych miejscach. Jednak Learning North zezwala i promuje wymian\u0119 link\u00f3w do tre\u015bci Witryny.<\/p>\n<\/div><div class=\"mx-5 sm:mx-0 prose leading-relaxed text-lg mb-5 text-left wp-paragraph\">\n<p>Korzystanie przez U\u017cytkownika ze Strony oraz korzystanie z informacji w niej zawartych odbywa si\u0119 wy\u0142\u0105cznie w celach osobistych i niekomercyjnych.<\/p>\n<\/div><!--advertisement--><div class=\"mx-5 sm:mx-0 sm:text-3xl text-2xl font-medium title-font mb-4 text-gray-900 text-left\">\n<h2 class=\"wp-block-heading\" id=\"h-sitio-web-y-servicios\">STRONA INTERNETOWA I US\u0141UGI<\/h2>\n<\/div><div class=\"mx-5 sm:mx-0 prose leading-relaxed text-lg mb-5 text-left wp-paragraph\">\n<p>Nie mo\u017cemy zagwarantowa\u0107, \u017ce dost\u0119p do Witryny i korzystanie z niej b\u0119d\u0105 nieprzerwane i wolne od b\u0142\u0119d\u00f3w. Learning North nie ponosi odpowiedzialno\u015bci za niedost\u0119pno\u015b\u0107 jakiejkolwiek sekcji Witryny.<\/p>\n<\/div><div class=\"mx-5 sm:mx-0 prose leading-relaxed text-lg mb-5 text-left wp-paragraph\">\n<p>Strona, jej zawarto\u015b\u0107 i funkcje mog\u0105 zosta\u0107 w ka\u017cdej chwili zmienione lub wycofane przez Learning North, bez podania przyczyny lub wcze\u015bniejszego powiadomienia.<\/p>\n<\/div><div class=\"mx-5 sm:mx-0 prose leading-relaxed text-lg mb-5 text-left wp-paragraph\">\n<p>Learning North nie bierze odpowiedzialno\u015bci za stan systemu, sprz\u0119tu u\u017cytkownika umo\u017cliwiaj\u0105cego po\u0142\u0105czenie z Internetem, kt\u00f3ry jest niewystarczaj\u0105cy do korzystania ze Strony.<\/p>\n<\/div><!--advertisement--><div class=\"mx-5 sm:mx-0 sm:text-3xl text-2xl font-medium title-font mb-4 text-gray-900 text-left\">\n<h2 class=\"wp-block-heading\" id=\"h-publicidad-en-el-sitio\">REKLAMA NA STRONIE<\/h2>\n<\/div><div class=\"mx-5 sm:mx-0 prose leading-relaxed text-lg mb-5 text-left wp-paragraph\">\n<p>Chocia\u017c staramy si\u0119 kojarzy\u0107 wy\u0142\u0105cznie z firmami wysokiej jako\u015bci, Learning North nie ponosi odpowiedzialno\u015bci za produkty i us\u0142ugi \u015bwiadczone przez firmy, kt\u00f3re reklamuj\u0105 si\u0119 na naszej stronie internetowej, a kt\u00f3re polecamy za po\u015brednictwem naszych tre\u015bci. Dlatego Learning North nie jest zaanga\u017cowane ani nie ponosi odpowiedzialno\u015bci za \u017cadne zobowi\u0105zania handlowe, wymian\u0119 danych osobowych ani \u017cadn\u0105 inn\u0105 form\u0119 interakcji mi\u0119dzy U\u017cytkownikiem a firmami, kt\u00f3rych marka pojawia si\u0119 na naszej stronie internetowej, jest reklamowana lub wymieniona w naszych tre\u015bciach.<\/p>\n<\/div><!--advertisement--><div class=\"mx-5 sm:mx-0 sm:text-3xl text-2xl font-medium title-font mb-4 text-gray-900 text-left\">\n<h2 class=\"wp-block-heading\" id=\"h-modificacion-de-terminos-y-condiciones\">ZMIANA WARUNK\u00d3W I POSTANOWIE\u0143<\/h2>\n<\/div><div class=\"mx-5 sm:mx-0 prose leading-relaxed text-lg mb-5 text-left wp-paragraph\">\n<p>Og\u00f3lne Warunki Korzystania Learning North mog\u0105 by\u0107 modyfikowane, uzupe\u0142niane lub zast\u0119powane w dowolnym momencie. Gdy to zrobimy, zaktualizowana wersja b\u0119dzie dost\u0119pna na tej stronie, wraz z zamkni\u0119ciem ostatniej rewizji.<\/p>\n<\/div><div class=\"mx-5 sm:mx-0 prose leading-relaxed text-lg mb-5 text-left wp-paragraph\">\n<p>Zach\u0119camy U\u017cytkownika do \u015bledzenia aktualizacji naszych warunk\u00f3w za po\u015brednictwem tego adresu: <a style=\" color:;\" href=\"https:\/\/learningnorth.com\/pl\/terms\/\">https:\/\/learningnorth.com\/terms<\/a>.<\/p>\n<\/div><div class=\"mx-5 sm:mx-0 prose leading-relaxed text-lg mb-5 text-left wp-paragraph\">\n<p>W przypadku istotnych zmian w niniejszych Og\u00f3lnych Warunkach Korzystania, Learning North mo\u017ce powiadomi\u0107 o nich U\u017cytkownika, pod warunkiem, \u017ce jego dane kontaktowe znajduj\u0105 si\u0119 w naszych bazach danych.<\/p>\n<\/div><!--advertisement--><div class=\"mx-5 sm:mx-0 sm:text-3xl text-2xl font-medium title-font mb-4 text-gray-900 text-left\">\n<h2 class=\"wp-block-heading\" id=\"h-plazo-de-vigencia-y-extincion-de-los-terminos-y-condiciones\">OKRES OBOWI\u0104ZYWANIA I WYGA\u015aNI\u0118CIE UM\u00d3W I WARUNK\u00d3W.<\/h2>\n<\/div><div class=\"mx-5 sm:mx-0 prose leading-relaxed text-lg mb-5 text-left wp-paragraph\">\n<p>Niniejsze Og\u00f3lne Warunki Korzystania b\u0119d\u0105 obowi\u0105zywa\u0107 przez czas nieokre\u015blony, a wszelkie roszczenia prawne lub administracyjne wynikaj\u0105ce z korzystania z Learning North b\u0119d\u0105ce przedmiotem niniejszych Og\u00f3lnych Warunk\u00f3w Korzystania lub jego cz\u0119\u015bci, b\u0119d\u0105 rozpatrywane <a style=\" color:;\" href=\"https:\/\/onestopcourse.com\/privacy\/\">Polityka <\/a><a style=\" color:;\" href=\"https:\/\/learningnorth.com\/pl\/privacy\/\">Prywatno\u015b\u0107<\/a> Wniosek nale\u017cy z\u0142o\u017cy\u0107 w ci\u0105gu 90 (dziewi\u0119\u0107dziesi\u0119ciu) dni od zdarzenia, kt\u00f3re je wywo\u0142a\u0142o.<\/p>\n<\/div><!--advertisement--><div class=\"mx-5 sm:mx-0 sm:text-3xl text-2xl font-medium title-font mb-4 text-gray-900 text-left\">\n<h2 class=\"wp-block-heading\" id=\"h-legislacion-y-jurisdiccion-de-eleccion\">LEGISLACI\u00d3N I JURYSDYKCJA WYBORU<\/h2>\n<\/div><div class=\"mx-5 sm:mx-0 prose leading-relaxed text-lg mb-5 text-left wp-paragraph\">\n<p>Wszelkie kwestie zwi\u0105zane z interpretacj\u0105, zgodno\u015bci\u0105 lub wszelkimi innymi pytaniami zwi\u0105zanymi z niniejszymi Og\u00f3lnymi Warunkami Korzystania i <a style=\" color:;\" href=\"https:\/\/learningnorth.com\/pl\/privacy\/\">Polityka prywatno\u015bci<\/a>Strony zwracaj\u0105 si\u0119 wyra\u017anie do Izby Handlowej w Tallinie, Estonia (El Tribunal de Arbitraje de la Chamber of Commerce and Industry), o rozstrzygni\u0119cie wszelkich w\u0105tpliwo\u015bci, pyta\u0144 lub konflikt\u00f3w wynikaj\u0105cych z niniejszego post\u0119powania.<\/p>\n<\/div>","protected":false},"excerpt":{"rendered":"<p>Witamy na learningnorth.com, stronie internetowej (\u201eStrona\u201d) z siedzib\u0105 pod adresem Keemia 4, Tallin, Estonia. Learning North to strona internetowa specjalizuj\u0105ca si\u0119 w tworzeniu tre\u015bci zwi\u0105zanych z edukacj\u0105 online i kursami. Korzystaj\u0105c z tej Strony, akceptujesz Og\u00f3lne Warunki Korzystania opisane w niniejszym dokumencie. WA\u017bNE INFORMACJE: Learning North NIE WPROWADZA ZMIAN\u2026 <a class=\"more-link\" href=\"https:\/\/learningnorth.com\/pl\/terms\/\">Czytaj dalej <span class=\"screen-reader-text\">Og\u00f3lne warunki korzystania<\/span><\/a><\/p>","protected":false},"author":9,"featured_media":0,"parent":0,"menu_order":0,"comment_status":"closed","ping_status":"closed","template":"","meta":{"footnotes":""},"yoast_head":"<!-- This site is optimized with the Yoast SEO plugin v23.3 - https:\/\/yoast.com\/wordpress\/plugins\/seo\/ -->\n<title>T\u00e9rminos y Condiciones Generales de Uso - Learning North<\/title>\n<meta name=\"robots\" content=\"index, follow, max-snippet:-1, max-image-preview:large, max-video-preview:-1\" \/>\n<link rel=\"canonical\" href=\"https:\/\/learningnorth.com\/pl\/terms\/\" \/>\n<meta property=\"og:locale\" content=\"pl_PL\" \/>\n<meta property=\"og:type\" content=\"article\" \/>\n<meta property=\"og:title\" content=\"T\u00e9rminos y Condiciones Generales de Uso - Learning North\" \/>\n<meta property=\"og:description\" content=\"Bienvenido a learningnorth.com, sitio web (&#8220;Sitio&#8221;) con sede en Keemia 4, Tallin, Estonia. Learning North es un sitio web especializado en la creaci\u00f3n de contenidos relacionados a la educaci\u00f3n y cursos en l\u00ednea. Al utilizar este Sitio, acepta los T\u00e9rminos y Condiciones Generales de Uso descritos en este documento. INFORMACIONES IMPORTANTES Learning North NO INTERFIERE&hellip; Continue reading T\u00e9rminos y Condiciones Generales de Uso\" \/>\n<meta property=\"og:url\" content=\"https:\/\/learningnorth.com\/pl\/terms\/\" \/>\n<meta property=\"og:site_name\" content=\"Learning North\" \/>\n<meta property=\"article:modified_time\" content=\"2024-04-15T19:18:18+00:00\" \/>\n<meta name=\"twitter:card\" content=\"summary_large_image\" \/>\n<meta name=\"twitter:label1\" content=\"Est. reading time\" \/>\n\t<meta name=\"twitter:data1\" content=\"7 minut\" \/>\n<script type=\"application\/ld+json\" class=\"yoast-schema-graph\">{\"@context\":\"https:\/\/schema.org\",\"@graph\":[{\"@type\":\"WebPage\",\"@id\":\"https:\/\/learningnorth.com\/terms\/\",\"url\":\"https:\/\/learningnorth.com\/terms\/\",\"name\":\"T\u00e9rminos y Condiciones Generales de Uso - Learning North\",\"isPartOf\":{\"@id\":\"https:\/\/learningnorth.com\/#website\"},\"datePublished\":\"2024-04-15T19:18:16+00:00\",\"dateModified\":\"2024-04-15T19:18:18+00:00\",\"breadcrumb\":{\"@id\":\"https:\/\/learningnorth.com\/terms\/#breadcrumb\"},\"inLanguage\":\"pl-PL\",\"potentialAction\":[{\"@type\":\"ReadAction\",\"target\":[\"https:\/\/learningnorth.com\/terms\/\"]}]},{\"@type\":\"BreadcrumbList\",\"@id\":\"https:\/\/learningnorth.com\/terms\/#breadcrumb\",\"itemListElement\":[{\"@type\":\"ListItem\",\"position\":1,\"name\":\"Home\",\"item\":\"https:\/\/learningnorth.com\/\"},{\"@type\":\"ListItem\",\"position\":2,\"name\":\"T\u00e9rminos y Condiciones Generales de Uso\"}]},{\"@type\":\"WebSite\",\"@id\":\"https:\/\/learningnorth.com\/#website\",\"url\":\"https:\/\/learningnorth.com\/\",\"name\":\"Learning North\",\"description\":\"\",\"potentialAction\":[{\"@type\":\"SearchAction\",\"target\":{\"@type\":\"EntryPoint\",\"urlTemplate\":\"https:\/\/learningnorth.com\/?s={search_term_string}\"},\"query-input\":\"required name=search_term_string\"}],\"inLanguage\":\"pl-PL\"}]}<\/script>\n<!-- \/ Yoast SEO plugin. -->","yoast_head_json":{"title":"T\u00e9rminos y Condiciones Generales de Uso - Learning North","robots":{"index":"index","follow":"follow","max-snippet":"max-snippet:-1","max-image-preview":"max-image-preview:large","max-video-preview":"max-video-preview:-1"},"canonical":"https:\/\/learningnorth.com\/pl\/terms\/","og_locale":"pl_PL","og_type":"article","og_title":"T\u00e9rminos y Condiciones Generales de Uso - Learning North","og_description":"Bienvenido a learningnorth.com, sitio web (&#8220;Sitio&#8221;) con sede en Keemia 4, Tallin, Estonia. Learning North es un sitio web especializado en la creaci\u00f3n de contenidos relacionados a la educaci\u00f3n y cursos en l\u00ednea. Al utilizar este Sitio, acepta los T\u00e9rminos y Condiciones Generales de Uso descritos en este documento. INFORMACIONES IMPORTANTES Learning North NO INTERFIERE&hellip; Continue reading T\u00e9rminos y Condiciones Generales de Uso","og_url":"https:\/\/learningnorth.com\/pl\/terms\/","og_site_name":"Learning North","article_modified_time":"2024-04-15T19:18:18+00:00","twitter_card":"summary_large_image","twitter_misc":{"Est. reading time":"7 minut"},"schema":{"@context":"https:\/\/schema.org","@graph":[{"@type":"WebPage","@id":"https:\/\/learningnorth.com\/terms\/","url":"https:\/\/learningnorth.com\/terms\/","name":"T\u00e9rminos y Condiciones Generales de Uso - Learning North","isPartOf":{"@id":"https:\/\/learningnorth.com\/#website"},"datePublished":"2024-04-15T19:18:16+00:00","dateModified":"2024-04-15T19:18:18+00:00","breadcrumb":{"@id":"https:\/\/learningnorth.com\/terms\/#breadcrumb"},"inLanguage":"pl-PL","potentialAction":[{"@type":"ReadAction","target":["https:\/\/learningnorth.com\/terms\/"]}]},{"@type":"BreadcrumbList","@id":"https:\/\/learningnorth.com\/terms\/#breadcrumb","itemListElement":[{"@type":"ListItem","position":1,"name":"Home","item":"https:\/\/learningnorth.com\/"},{"@type":"ListItem","position":2,"name":"T\u00e9rminos y Condiciones Generales de Uso"}]},{"@type":"WebSite","@id":"https:\/\/learningnorth.com\/#website","url":"https:\/\/learningnorth.com\/","name":"Learning North","description":"","potentialAction":[{"@type":"SearchAction","target":{"@type":"EntryPoint","urlTemplate":"https:\/\/learningnorth.com\/?s={search_term_string}"},"query-input":"required name=search_term_string"}],"inLanguage":"pl-PL"}]}},"_links":{"self":[{"href":"https:\/\/learningnorth.com\/pl\/wp-json\/wp\/v2\/pages\/235"}],"collection":[{"href":"https:\/\/learningnorth.com\/pl\/wp-json\/wp\/v2\/pages"}],"about":[{"href":"https:\/\/learningnorth.com\/pl\/wp-json\/wp\/v2\/types\/page"}],"author":[{"embeddable":true,"href":"https:\/\/learningnorth.com\/pl\/wp-json\/wp\/v2\/users\/9"}],"replies":[{"embeddable":true,"href":"https:\/\/learningnorth.com\/pl\/wp-json\/wp\/v2\/comments?post=235"}],"version-history":[{"count":1,"href":"https:\/\/learningnorth.com\/pl\/wp-json\/wp\/v2\/pages\/235\/revisions"}],"predecessor-version":[{"id":236,"href":"https:\/\/learningnorth.com\/pl\/wp-json\/wp\/v2\/pages\/235\/revisions\/236"}],"wp:attachment":[{"href":"https:\/\/learningnorth.com\/pl\/wp-json\/wp\/v2\/media?parent=235"}],"curies":[{"name":"wp","href":"https:\/\/api.w.org\/{rel}","templated":true}]}}