{"id":235,"date":"2024-04-15T19:18:16","date_gmt":"2024-04-15T19:18:16","guid":{"rendered":"https:\/\/learningnorth.com\/?page_id=235"},"modified":"2024-04-15T19:18:18","modified_gmt":"2024-04-15T19:18:18","slug":"terms","status":"publish","type":"page","link":"https:\/\/learningnorth.com\/pt_pt\/terms\/","title":{"rendered":"T\u00e9rminos y Condiciones Generales de Uso"},"content":{"rendered":"<div class=\"mx-5 sm:mx-0 prose leading-relaxed text-lg mb-5 text-left wp-paragraph\">\n<p>Bienvenido a learningnorth.com, sitio web (&#8220;Sitio&#8221;) con sede en Keemia 4, Tallin, Estonia.<\/p>\n<\/div><div class=\"mx-5 sm:mx-0 prose leading-relaxed text-lg mb-5 text-left wp-paragraph\">\n<p>Learning North es un sitio web especializado en la creaci\u00f3n de contenidos relacionados a la educaci\u00f3n y cursos en l\u00ednea.<\/p>\n<\/div><div class=\"mx-5 sm:mx-0 prose leading-relaxed text-lg mb-5 text-left wp-paragraph\">\n<p>Al utilizar este Sitio, acepta los T\u00e9rminos y Condiciones Generales de Uso descritos en este documento.<\/p>\n<\/div><!--advertisement--><div class=\"mx-5 sm:mx-0 sm:text-3xl text-2xl font-medium title-font mb-4 text-gray-900 text-left\">\n<h2 class=\"wp-block-heading\" id=\"h-informaciones-importantes\">INFORMACIONES IMPORTANTES<\/h2>\n<\/div><div class=\"mx-5 sm:mx-0 prose leading-relaxed text-lg mb-5 text-left wp-paragraph\">\n<p>Learning North NO INTERFIERE en ning\u00fan proceso que implique el an\u00e1lisis y \/ o aprobaci\u00f3n del cr\u00e9dito de nuestros clientes o socios, por lo que la decisi\u00f3n final de realizar un negocio, otorgar cr\u00e9dito u oferta es siempre de ellos, de acuerdo con su propio cr\u00e9dito y criterios y pol\u00edticas de riesgo.<\/p>\n<\/div><div class=\"mx-5 sm:mx-0 prose leading-relaxed text-lg mb-5 text-left wp-paragraph\">\n<p>Learning North NO ENV\u00cdA, NI SOLICITA, bajo ninguna circunstancia, dinero para la liberaci\u00f3n de ning\u00fan tipo de producto financiero, ya sea tarjeta de cr\u00e9dito, financiamiento o pr\u00e9stamo. Si esto sucede, inf\u00f3rmenos de inmediato utilizando la informaci\u00f3n de contacto proporcionada en este documento.<\/p>\n<\/div><div class=\"mx-5 sm:mx-0 prose leading-relaxed text-lg mb-5 text-left wp-paragraph\">\n<p>Learning North no env\u00eda correos electr\u00f3nicos a los Usuarios solicitando confirmaci\u00f3n de datos o registro con archivos adjuntos ejecutables (por ejemplo: extensiones .exe, .com, .scr, .zip, .rar), ni enlaces para realizar descargas. Si esto sucede, inf\u00f3rmenos de inmediato utilizando la informaci\u00f3n de contacto proporcionada en este documento.<\/p>\n<\/div><div class=\"mx-5 sm:mx-0 prose leading-relaxed text-lg mb-5 text-left wp-paragraph\">\n<p>Learning North NO OFRECE ning\u00fan tipo de servicios de consultor\u00eda o asesor\u00eda financiera, legal y contable. La informaci\u00f3n disponible en el Sitio tiene una funci\u00f3n meramente informativa y debe ser utilizada por el usuario bajo su propia responsabilidad. Dicha informaci\u00f3n no debe interpretarse como asesoramiento de inversi\u00f3n, planificaci\u00f3n financiera, legal o contable.<\/p>\n<\/div><div class=\"mx-5 sm:mx-0 prose leading-relaxed text-lg mb-5 text-left wp-paragraph\">\n<p>Learning North no puede garantizar la total exactitud, calidad e integridad de la informaci\u00f3n contenida en sus art\u00edculos y no se hace responsable de las decisiones tomadas por el usuario con base en los art\u00edculos y la informaci\u00f3n del Sitio. Tampoco podemos garantizar que la informaci\u00f3n contenida en el Sitio se aplique igualmente a las realidades individuales de cada Usuario. El Usuario se declara responsable y consciente de que debe verificar la informaci\u00f3n presentada en el Sitio siempre que vaya a utilizarlo para cualquier aplicaci\u00f3n.<\/p>\n<\/div><!--advertisement--><div class=\"mx-5 sm:mx-0 sm:text-3xl text-2xl font-medium title-font mb-4 text-gray-900 text-left\">\n<h2 class=\"wp-block-heading\" id=\"h-aceptacion\">ACEPTACI\u00d3N<\/h2>\n<\/div><div class=\"mx-5 sm:mx-0 prose leading-relaxed text-lg mb-5 text-left wp-paragraph\">\n<p>El Usuario, al acceder a Learning North, ACEPTA respetar las Condiciones Generales de Uso y la <a style=\" color:;\" href=\"https:\/\/learningnorth.com\/pt_pt\/privacy\/\">Pol\u00edtica de Privacidad<\/a> de Learning North.<\/p>\n<\/div><div class=\"mx-5 sm:mx-0 prose leading-relaxed text-lg mb-5 text-left wp-paragraph\">\n<p>Al acceder y \/ o utilizar Learning North, el Usuario declara tener al menos 18 (dieciocho) a\u00f1os y aceptar total y expresamente los t\u00e9rminos y condiciones de estos T\u00e9rminos y Condiciones de Uso para todos los efectos legales.<\/p>\n<\/div><div class=\"mx-5 sm:mx-0 prose leading-relaxed text-lg mb-5 text-left wp-paragraph\">\n<p>Si el Usuario no se ajusta a la descripci\u00f3n anterior y \/ o no est\u00e1 de acuerdo, incluso en parte, con los t\u00e9rminos y condiciones contenidos en estos T\u00e9rminos y Condiciones de Uso, no podr\u00e1 acceder y \/ o utilizar los servicios ofrecidos por Learning North, como as\u00ed como los sitios web y servicios operados por \u00e9l.<\/p>\n<\/div><!--advertisement--><div class=\"mx-5 sm:mx-0 sm:text-3xl text-2xl font-medium title-font mb-4 text-gray-900 text-left\">\n<h2 class=\"wp-block-heading\" id=\"h-contacto\">CONTACTO<\/h2>\n<\/div><div class=\"mx-5 sm:mx-0 prose leading-relaxed text-lg mb-5 text-left wp-paragraph\">\n<p>El Usuario dispone de este servicio para dar respuesta a todas sus dudas, solucionar cualquier problema y presentar quejas u otra informaci\u00f3n sobre productos \/ servicios disponibles en Learning North.<\/p>\n<\/div><div class=\"mx-5 sm:mx-0 prose leading-relaxed text-lg mb-5 text-left wp-paragraph\">\n<p>El contacto se puede realizar a trav\u00e9s del formulario en <a style=\" color:;\" href=\"https:\/\/learningnorth.com\/pt_pt\/contact\/\">https:\/\/learningnorth.com\/contact\/<\/a><\/p>\n<\/div><!--advertisement--><div class=\"mx-5 sm:mx-0 sm:text-3xl text-2xl font-medium title-font mb-4 text-gray-900 text-left\">\n<h2 class=\"wp-block-heading\" id=\"h-responsabilidades-de-las-partes\">RESPONSABILIDADES DE LAS PARTES<\/h2>\n<\/div><div class=\"mx-5 sm:mx-0 prose leading-relaxed text-lg mb-5 text-left wp-paragraph\">\n<p>Learning North proporciona enlaces y \/ o redirecciona al Usuario a otros sitios web, donde el Usuario puede contratar los servicios y \/ o adquirir productos de las respectivas empresas, sin ning\u00fan tipo de injerencia por parte de Learning North.<\/p>\n<\/div><div class=\"mx-5 sm:mx-0 prose leading-relaxed text-lg mb-5 text-left wp-paragraph\">\n<p>Si el Usuario es redirigido a la p\u00e1gina del sitio web de la empresa anunciada en el sitio web, el Usuario debe leer atentamente y aceptar expresamente los t\u00e9rminos y condiciones de uso y la pol\u00edtica de privacidad de la empresa anunciada.<\/p>\n<\/div><div class=\"mx-5 sm:mx-0 prose leading-relaxed text-lg mb-5 text-left wp-paragraph\">\n<p>Learning North no se responsabiliza: (a) de los t\u00e9rminos de uso y la pol\u00edtica de privacidad de las empresas anunciadas; (b) sobre la informaci\u00f3n de los servicios y \/ o productos publicitados; (c) sobre los servicios y \/ o productos que se puedan ofrecer y \/ o contratar con las empresas anunciadas.<\/p>\n<\/div><div class=\"mx-5 sm:mx-0 prose leading-relaxed text-lg mb-5 text-left wp-paragraph\">\n<p>Learning North no se hace responsable de ning\u00fan virus, malware, spyware, troyano o cualquier software que pueda da\u00f1ar o cambiar la configuraci\u00f3n del equipo de los Usuarios como resultado de la navegaci\u00f3n o uso de Internet o como resultado de la transferencia de datos, textos, im\u00e1genes, archivos o audios. Es responsabilidad del Usuario utilizar Internet con cuidado para evitar que dicho software malintencionado infecte su computadora, como mantener actualizado el sistema operativo de su equipo y con programas antivirus.<\/p>\n<\/div><div class=\"mx-5 sm:mx-0 prose leading-relaxed text-lg mb-5 text-left wp-paragraph\">\n<p>Learning North no se hace responsable de las p\u00e9rdidas y da\u00f1os derivados del uso irregular del sitio web de Learning North y \/ o casos fortuitos y \/ o fuerza mayor.<\/p>\n<\/div><div class=\"mx-5 sm:mx-0 prose leading-relaxed text-lg mb-5 text-left wp-paragraph\">\n<p>Sin perjuicio de las dem\u00e1s disposiciones de estos T\u00e9rminos de uso, el Usuario est\u00e1 obligado a:<\/p>\n<\/div><div class=\"mx-5 sm:mx-0 prose leading-relaxed text-lg mb-5 text-left wp-paragraph\">\n<p>(a) No violar ning\u00fan derecho de terceros al utilizar Learning North;<\/p>\n<\/div><div class=\"mx-5 sm:mx-0 prose leading-relaxed text-lg mb-5 text-left wp-paragraph\">\n<p>(b) No utilizar Learning North con el prop\u00f3sito de monitorear o acosar a terceros;<\/p>\n<\/div><div class=\"mx-5 sm:mx-0 prose leading-relaxed text-lg mb-5 text-left wp-paragraph\">\n<p>(c) No participar en actividades fraudulentas, ilegales, deshonestas o inapropiadas mientras utiliza el sitio web de Learning North; y<\/p>\n<\/div><div class=\"mx-5 sm:mx-0 prose leading-relaxed text-lg mb-5 text-left wp-paragraph\">\n<p>(d) Respetar las condiciones establecidas en estas Condiciones Generales de Uso y en la Pol\u00edtica de Privacidad, as\u00ed como la legislaci\u00f3n espa\u00f1ola vigente;<\/p>\n<\/div><!--advertisement--><div class=\"mx-5 sm:mx-0 sm:text-3xl text-2xl font-medium title-font mb-4 text-gray-900 text-left\">\n<h2 class=\"wp-block-heading\" id=\"h-datos-y-privacidad\">DATOS Y PRIVACIDAD<\/h2>\n<\/div><div class=\"mx-5 sm:mx-0 prose leading-relaxed text-lg mb-5 text-left wp-paragraph\">\n<p>El uso del sitio web onestopcourse.com puede resultar en la transferencia de los datos personales del usuario a Learning North. Al utilizar nuestro sitio web, declara conocer nuestra Pol\u00edtica de Privacidad, accesible en <a style=\" color:;\" href=\"https:\/\/learningnorth.com\/pt_pt\/privacy\/\">https:\/\/learningnorth.com\/privacy\/<\/a>, as\u00ed como la legislaci\u00f3n vigente.<\/p>\n<\/div><!--advertisement--><div class=\"mx-5 sm:mx-0 sm:text-3xl text-2xl font-medium title-font mb-4 text-gray-900 text-left\">\n<h2 class=\"wp-block-heading\" id=\"h-contenido-y-propiedad-intelectual\">CONTENIDO Y PROPIEDAD INTELECTUAL<\/h2>\n<\/div><div class=\"mx-5 sm:mx-0 prose leading-relaxed text-lg mb-5 text-left wp-paragraph\">\n<p>Learning North tiene los derechos de propiedad intelectual de todo el material en el sitio web onestopcourse.com. El Usuario no puede reproducir, duplicar, copiar, vender, alquilar, subarrendar, traducir o distribuir materiales y contenidos del sitio web, ni crear derivados del contenido para componer otros sitios web o materiales educativos, formativos o de referencia.<\/p>\n<\/div><div class=\"mx-5 sm:mx-0 prose leading-relaxed text-lg mb-5 text-left wp-paragraph\">\n<p>El Usuario no puede utilizar iFrames para incluir el contenido de este Sitio en otros lugares. Sin embargo, Learning North permite y fomenta el intercambio de enlaces al contenido del Sitio.<\/p>\n<\/div><div class=\"mx-5 sm:mx-0 prose leading-relaxed text-lg mb-5 text-left wp-paragraph\">\n<p>El uso del Sitio por parte del Usuario y la informaci\u00f3n contenida en el mismo est\u00e1 restringido a fines personales y no comerciales.<\/p>\n<\/div><!--advertisement--><div class=\"mx-5 sm:mx-0 sm:text-3xl text-2xl font-medium title-font mb-4 text-gray-900 text-left\">\n<h2 class=\"wp-block-heading\" id=\"h-sitio-web-y-servicios\">SITIO WEB Y SERVICIOS<\/h2>\n<\/div><div class=\"mx-5 sm:mx-0 prose leading-relaxed text-lg mb-5 text-left wp-paragraph\">\n<p>No podemos garantizar que el acceso al Sitio, o su uso, sea ininterrumpido o libre de errores, y Learning North no ser\u00e1 responsable si alguna secci\u00f3n del Sitio no est\u00e1 disponible.<\/p>\n<\/div><div class=\"mx-5 sm:mx-0 prose leading-relaxed text-lg mb-5 text-left wp-paragraph\">\n<p>El Sitio, su contenido y funciones pueden ser modificados o descontinuados en cualquier momento por Learning North, sin justificaci\u00f3n o aviso previo.<\/p>\n<\/div><div class=\"mx-5 sm:mx-0 prose leading-relaxed text-lg mb-5 text-left wp-paragraph\">\n<p>Learning North no se hace responsable si el sistema, equipo o conexi\u00f3n a Internet del Usuario es insuficiente para el uso del Sitio.<\/p>\n<\/div><!--advertisement--><div class=\"mx-5 sm:mx-0 sm:text-3xl text-2xl font-medium title-font mb-4 text-gray-900 text-left\">\n<h2 class=\"wp-block-heading\" id=\"h-publicidad-en-el-sitio\">PUBLICIDAD EN EL SITIO<\/h2>\n<\/div><div class=\"mx-5 sm:mx-0 prose leading-relaxed text-lg mb-5 text-left wp-paragraph\">\n<p>Aunque buscamos asociarnos solo con empresas de alta calidad, Learning North no es responsable de los productos y servicios proporcionados por las empresas que se anuncian en nuestro Sitio, o que recomendamos a trav\u00e9s de nuestro contenido. Por lo tanto, Learning North no est\u00e1 involucrado, ni es responsable, de ning\u00fan compromiso comercial, intercambio de datos personales o cualquier otra forma de interacci\u00f3n entre el Usuario y las empresas cuya marca aparece en nuestro Sitio, ya sea en publicidad o mencionada en nuestro contenido.<\/p>\n<\/div><!--advertisement--><div class=\"mx-5 sm:mx-0 sm:text-3xl text-2xl font-medium title-font mb-4 text-gray-900 text-left\">\n<h2 class=\"wp-block-heading\" id=\"h-modificacion-de-terminos-y-condiciones\">MODIFICACI\u00d3N DE T\u00c9RMINOS Y CONDICIONES<\/h2>\n<\/div><div class=\"mx-5 sm:mx-0 prose leading-relaxed text-lg mb-5 text-left wp-paragraph\">\n<p>Los T\u00e9rminos y Condiciones Generales de Uso de Learning North pueden ser modificados, complementados o reemplazados en cualquier momento. Cuando lo hagamos, la versi\u00f3n actualizada estar\u00e1 disponible en esta p\u00e1gina, junto con la fecha de la \u00faltima revisi\u00f3n.<\/p>\n<\/div><div class=\"mx-5 sm:mx-0 prose leading-relaxed text-lg mb-5 text-left wp-paragraph\">\n<p>Alentamos al Usuario a mantenerse actualizado sobre nuestros t\u00e9rminos a trav\u00e9s de la direcci\u00f3n: <a style=\" color:;\" href=\"https:\/\/learningnorth.com\/pt_pt\/terms\/\">https:\/\/learningnorth.com\/terms<\/a>.<\/p>\n<\/div><div class=\"mx-5 sm:mx-0 prose leading-relaxed text-lg mb-5 text-left wp-paragraph\">\n<p>Si hubiera alg\u00fan cambio significativo en estos T\u00e9rminos y Condiciones Generales de Uso, Learning North podr\u00e1 notificar al Usuario, siempre que tengamos su informaci\u00f3n de contacto en nuestras bases de datos.<\/p>\n<\/div><!--advertisement--><div class=\"mx-5 sm:mx-0 sm:text-3xl text-2xl font-medium title-font mb-4 text-gray-900 text-left\">\n<h2 class=\"wp-block-heading\" id=\"h-plazo-de-vigencia-y-extincion-de-los-terminos-y-condiciones\">PLAZO DE VIGENCIA Y EXTINCI\u00d3N DE LOS T\u00c9RMINOS Y CONDICIONES.<\/h2>\n<\/div><div class=\"mx-5 sm:mx-0 prose leading-relaxed text-lg mb-5 text-left wp-paragraph\">\n<p>Estos T\u00e9rminos y Condiciones Generales de Uso estar\u00e1n vigentes por tiempo indefinido y cualquier reclamo legal o administrativo que surja del uso de Learning North objeto de estos T\u00e9rminos Generales de Uso o de la <a style=\" color:;\" href=\"https:\/\/onestopcourse.com\/privacy\/\">Pol\u00edtica de <\/a><a style=\" color:;\" href=\"https:\/\/learningnorth.com\/pt_pt\/privacy\/\">Privacidad<\/a> deber\u00e1 ser propuesto dentro de los 90 (noventa) d\u00edas siguientes a la hecho de que los ha provocado.<\/p>\n<\/div><!--advertisement--><div class=\"mx-5 sm:mx-0 sm:text-3xl text-2xl font-medium title-font mb-4 text-gray-900 text-left\">\n<h2 class=\"wp-block-heading\" id=\"h-legislacion-y-jurisdiccion-de-eleccion\">LEGISLACI\u00d3N Y JURISDICCI\u00d3N DE ELECCI\u00d3N<\/h2>\n<\/div><div class=\"mx-5 sm:mx-0 prose leading-relaxed text-lg mb-5 text-left wp-paragraph\">\n<p>Todos los asuntos relacionados con la interpretaci\u00f3n, el cumplimiento o cualquier otra cuesti\u00f3n relacionada con estos T\u00e9rminos y Condiciones Generales de Uso y la <a style=\" color:;\" href=\"https:\/\/learningnorth.com\/pt_pt\/privacy\/\">Pol\u00edtica de Privacidad<\/a>, las partes acuerdan y someten expresamente a la C\u00e1mara de Comercio de Tallin, Estonia (El Tribunal de Arbitraje de la C\u00e1mara de Comercio de Estonia y Industria), para resolver todas y cada una de las dudas, cuestiones o conflictos derivados de este plazo.<\/p>\n<\/div>","protected":false},"excerpt":{"rendered":"<p>Bienvenido a learningnorth.com, sitio web (&#8220;Sitio&#8221;) con sede en Keemia 4, Tallin, Estonia. Learning North es un sitio web especializado en la creaci\u00f3n de contenidos relacionados a la educaci\u00f3n y cursos en l\u00ednea. Al utilizar este Sitio, acepta los T\u00e9rminos y Condiciones Generales de Uso descritos en este documento. INFORMACIONES IMPORTANTES Learning North NO INTERFIERE&hellip; <a class=\"more-link\" href=\"https:\/\/learningnorth.com\/pt_pt\/terms\/\">Continue reading <span class=\"screen-reader-text\">T\u00e9rminos y Condiciones Generales de Uso<\/span><\/a><\/p>","protected":false},"author":9,"featured_media":0,"parent":0,"menu_order":0,"comment_status":"closed","ping_status":"closed","template":"","meta":{"footnotes":""},"yoast_head":"<!-- This site is optimized with the Yoast SEO plugin v23.3 - https:\/\/yoast.com\/wordpress\/plugins\/seo\/ -->\n<title>T\u00e9rminos y Condiciones Generales de Uso - Learning North<\/title>\n<meta name=\"robots\" content=\"index, follow, max-snippet:-1, max-image-preview:large, max-video-preview:-1\" \/>\n<link rel=\"canonical\" href=\"https:\/\/learningnorth.com\/pt_pt\/terms\/\" \/>\n<meta property=\"og:locale\" content=\"pt_PT\" \/>\n<meta property=\"og:type\" content=\"article\" \/>\n<meta property=\"og:title\" content=\"T\u00e9rminos y Condiciones Generales de Uso - Learning North\" \/>\n<meta property=\"og:description\" content=\"Bienvenido a learningnorth.com, sitio web (&#8220;Sitio&#8221;) con sede en Keemia 4, Tallin, Estonia. Learning North es un sitio web especializado en la creaci\u00f3n de contenidos relacionados a la educaci\u00f3n y cursos en l\u00ednea. Al utilizar este Sitio, acepta los T\u00e9rminos y Condiciones Generales de Uso descritos en este documento. INFORMACIONES IMPORTANTES Learning North NO INTERFIERE&hellip; Continue reading T\u00e9rminos y Condiciones Generales de Uso\" \/>\n<meta property=\"og:url\" content=\"https:\/\/learningnorth.com\/pt_pt\/terms\/\" \/>\n<meta property=\"og:site_name\" content=\"Learning North\" \/>\n<meta property=\"article:modified_time\" content=\"2024-04-15T19:18:18+00:00\" \/>\n<meta name=\"twitter:card\" content=\"summary_large_image\" \/>\n<meta name=\"twitter:label1\" content=\"Est. reading time\" \/>\n\t<meta name=\"twitter:data1\" content=\"7 minutos\" \/>\n<script type=\"application\/ld+json\" class=\"yoast-schema-graph\">{\"@context\":\"https:\/\/schema.org\",\"@graph\":[{\"@type\":\"WebPage\",\"@id\":\"https:\/\/learningnorth.com\/terms\/\",\"url\":\"https:\/\/learningnorth.com\/terms\/\",\"name\":\"T\u00e9rminos y Condiciones Generales de Uso - Learning North\",\"isPartOf\":{\"@id\":\"https:\/\/learningnorth.com\/#website\"},\"datePublished\":\"2024-04-15T19:18:16+00:00\",\"dateModified\":\"2024-04-15T19:18:18+00:00\",\"breadcrumb\":{\"@id\":\"https:\/\/learningnorth.com\/terms\/#breadcrumb\"},\"inLanguage\":\"pt-PT\",\"potentialAction\":[{\"@type\":\"ReadAction\",\"target\":[\"https:\/\/learningnorth.com\/terms\/\"]}]},{\"@type\":\"BreadcrumbList\",\"@id\":\"https:\/\/learningnorth.com\/terms\/#breadcrumb\",\"itemListElement\":[{\"@type\":\"ListItem\",\"position\":1,\"name\":\"Home\",\"item\":\"https:\/\/learningnorth.com\/\"},{\"@type\":\"ListItem\",\"position\":2,\"name\":\"T\u00e9rminos y Condiciones Generales de Uso\"}]},{\"@type\":\"WebSite\",\"@id\":\"https:\/\/learningnorth.com\/#website\",\"url\":\"https:\/\/learningnorth.com\/\",\"name\":\"Learning North\",\"description\":\"\",\"potentialAction\":[{\"@type\":\"SearchAction\",\"target\":{\"@type\":\"EntryPoint\",\"urlTemplate\":\"https:\/\/learningnorth.com\/?s={search_term_string}\"},\"query-input\":\"required name=search_term_string\"}],\"inLanguage\":\"pt-PT\"}]}<\/script>\n<!-- \/ Yoast SEO plugin. -->","yoast_head_json":{"title":"T\u00e9rminos y Condiciones Generales de Uso - Learning North","robots":{"index":"index","follow":"follow","max-snippet":"max-snippet:-1","max-image-preview":"max-image-preview:large","max-video-preview":"max-video-preview:-1"},"canonical":"https:\/\/learningnorth.com\/pt_pt\/terms\/","og_locale":"pt_PT","og_type":"article","og_title":"T\u00e9rminos y Condiciones Generales de Uso - Learning North","og_description":"Bienvenido a learningnorth.com, sitio web (&#8220;Sitio&#8221;) con sede en Keemia 4, Tallin, Estonia. Learning North es un sitio web especializado en la creaci\u00f3n de contenidos relacionados a la educaci\u00f3n y cursos en l\u00ednea. Al utilizar este Sitio, acepta los T\u00e9rminos y Condiciones Generales de Uso descritos en este documento. INFORMACIONES IMPORTANTES Learning North NO INTERFIERE&hellip; Continue reading T\u00e9rminos y Condiciones Generales de Uso","og_url":"https:\/\/learningnorth.com\/pt_pt\/terms\/","og_site_name":"Learning North","article_modified_time":"2024-04-15T19:18:18+00:00","twitter_card":"summary_large_image","twitter_misc":{"Est. reading time":"7 minutos"},"schema":{"@context":"https:\/\/schema.org","@graph":[{"@type":"WebPage","@id":"https:\/\/learningnorth.com\/terms\/","url":"https:\/\/learningnorth.com\/terms\/","name":"T\u00e9rminos y Condiciones Generales de Uso - Learning North","isPartOf":{"@id":"https:\/\/learningnorth.com\/#website"},"datePublished":"2024-04-15T19:18:16+00:00","dateModified":"2024-04-15T19:18:18+00:00","breadcrumb":{"@id":"https:\/\/learningnorth.com\/terms\/#breadcrumb"},"inLanguage":"pt-PT","potentialAction":[{"@type":"ReadAction","target":["https:\/\/learningnorth.com\/terms\/"]}]},{"@type":"BreadcrumbList","@id":"https:\/\/learningnorth.com\/terms\/#breadcrumb","itemListElement":[{"@type":"ListItem","position":1,"name":"Home","item":"https:\/\/learningnorth.com\/"},{"@type":"ListItem","position":2,"name":"T\u00e9rminos y Condiciones Generales de Uso"}]},{"@type":"WebSite","@id":"https:\/\/learningnorth.com\/#website","url":"https:\/\/learningnorth.com\/","name":"Learning North","description":"","potentialAction":[{"@type":"SearchAction","target":{"@type":"EntryPoint","urlTemplate":"https:\/\/learningnorth.com\/?s={search_term_string}"},"query-input":"required name=search_term_string"}],"inLanguage":"pt-PT"}]}},"_links":{"self":[{"href":"https:\/\/learningnorth.com\/pt_pt\/wp-json\/wp\/v2\/pages\/235"}],"collection":[{"href":"https:\/\/learningnorth.com\/pt_pt\/wp-json\/wp\/v2\/pages"}],"about":[{"href":"https:\/\/learningnorth.com\/pt_pt\/wp-json\/wp\/v2\/types\/page"}],"author":[{"embeddable":true,"href":"https:\/\/learningnorth.com\/pt_pt\/wp-json\/wp\/v2\/users\/9"}],"replies":[{"embeddable":true,"href":"https:\/\/learningnorth.com\/pt_pt\/wp-json\/wp\/v2\/comments?post=235"}],"version-history":[{"count":1,"href":"https:\/\/learningnorth.com\/pt_pt\/wp-json\/wp\/v2\/pages\/235\/revisions"}],"predecessor-version":[{"id":236,"href":"https:\/\/learningnorth.com\/pt_pt\/wp-json\/wp\/v2\/pages\/235\/revisions\/236"}],"wp:attachment":[{"href":"https:\/\/learningnorth.com\/pt_pt\/wp-json\/wp\/v2\/media?parent=235"}],"curies":[{"name":"wp","href":"https:\/\/api.w.org\/{rel}","templated":true}]}}